{"id":560,"date":"2024-12-02T17:27:17","date_gmt":"2024-12-02T16:27:17","guid":{"rendered":"https:\/\/kanari-reinigung.de\/?page_id=560"},"modified":"2025-10-20T18:08:40","modified_gmt":"2025-10-20T16:08:40","slug":"datenschutzerklarung","status":"publish","type":"page","link":"https:\/\/kanari-reinigung.de\/?page_id=560","title":{"rendered":"Datenschutzerkl\u00e4rung"},"content":{"rendered":"\t\t<div data-elementor-type=\"wp-page\" data-elementor-id=\"560\" class=\"elementor elementor-560\">\n\t\t\t\t\t\t<section class=\"elementor-section elementor-top-section elementor-element elementor-element-34abeb26 elementor-section-height-min-height elementor-section-content-middle elementor-section-boxed elementor-section-height-default elementor-section-items-middle\" data-id=\"34abeb26\" data-element_type=\"section\" data-settings=\"{&quot;background_background&quot;:&quot;slideshow&quot;,&quot;background_slideshow_gallery&quot;:[{&quot;id&quot;:95,&quot;url&quot;:&quot;https:\\\/\\\/kanari-reinigung.de\\\/wp-content\\\/uploads\\\/2024\\\/11\\\/2-1.png&quot;},{&quot;id&quot;:96,&quot;url&quot;:&quot;https:\\\/\\\/kanari-reinigung.de\\\/wp-content\\\/uploads\\\/2024\\\/11\\\/3-1.png&quot;},{&quot;id&quot;:120,&quot;url&quot;:&quot;https:\\\/\\\/kanari-reinigung.de\\\/wp-content\\\/uploads\\\/2024\\\/11\\\/porzadki-w-domu.webp&quot;},{&quot;id&quot;:119,&quot;url&quot;:&quot;https:\\\/\\\/kanari-reinigung.de\\\/wp-content\\\/uploads\\\/2024\\\/11\\\/koszenie-trawy-zielona-kosiarka.webp&quot;},{&quot;id&quot;:118,&quot;url&quot;:&quot;https:\\\/\\\/kanari-reinigung.de\\\/wp-content\\\/uploads\\\/2024\\\/11\\\/Gdansk_Przymorze_-_mycie_okien_falowca-scaled.jpeg&quot;},{&quot;id&quot;:117,&quot;url&quot;:&quot;https:\\\/\\\/kanari-reinigung.de\\\/wp-content\\\/uploads\\\/2024\\\/11\\\/korytarz111-800x480-1.jpg&quot;},{&quot;id&quot;:114,&quot;url&quot;:&quot;https:\\\/\\\/kanari-reinigung.de\\\/wp-content\\\/uploads\\\/2024\\\/11\\\/pexels-andre-124356440-11722768-scaled.jpg&quot;}],&quot;background_slideshow_transition_duration&quot;:1500,&quot;background_slideshow_loop&quot;:&quot;yes&quot;,&quot;background_slideshow_slide_duration&quot;:5000,&quot;background_slideshow_slide_transition&quot;:&quot;fade&quot;}\">\n\t\t\t\t\t\t\t<div class=\"elementor-background-overlay\"><\/div>\n\t\t\t\t\t\t\t<div class=\"elementor-container elementor-column-gap-default\">\n\t\t\t\t\t<div class=\"elementor-column elementor-col-100 elementor-top-column elementor-element elementor-element-3e5ea5af elementor-invisible\" data-id=\"3e5ea5af\" data-element_type=\"column\" data-settings=\"{&quot;animation&quot;:&quot;fadeInUp&quot;}\">\n\t\t\t<div class=\"elementor-widget-wrap elementor-element-populated\">\n\t\t\t\t\t\t<div class=\"elementor-element elementor-element-423cde6b elementor-widget elementor-widget-heading\" data-id=\"423cde6b\" data-element_type=\"widget\" data-widget_type=\"heading.default\">\n\t\t\t\t<div class=\"elementor-widget-container\">\n\t\t\t<h3 class=\"elementor-heading-title elementor-size-default\">Datenschutzerkl\u00e4rung und Impressum<\/h3>\t\t<\/div>\n\t\t\t\t<\/div>\n\t\t\t\t\t<\/div>\n\t\t<\/div>\n\t\t\t\t\t<\/div>\n\t\t<\/section>\n\t\t<div class=\"elementor-element elementor-element-c007976 e-flex e-con-boxed e-con e-parent\" data-id=\"c007976\" data-element_type=\"container\">\n\t\t\t\t\t<div class=\"e-con-inner\">\n\t\t<div class=\"elementor-element elementor-element-15bb7ce8 e-con-full e-flex e-con e-child\" data-id=\"15bb7ce8\" data-element_type=\"container\" data-settings=\"{&quot;background_background&quot;:&quot;classic&quot;}\">\n\t\t\t\t<div class=\"elementor-element elementor-element-483c3f8 elementor-widget elementor-widget-text-editor\" data-id=\"483c3f8\" data-element_type=\"widget\" data-widget_type=\"text-editor.default\">\n\t\t\t\t<div class=\"elementor-widget-container\">\n\t\t\t\t\t\t\t<p><strong>G\u00fcltigkeitsdatum: 20.10.2025<\/strong><\/p><p><strong>1. Einleitung<\/strong><\/p><p>Der Schutz der Privatsph\u00e4re und der pers\u00f6nlichen Daten unserer Nutzer ist uns ein wichtiges Anliegen. In dieser Datenschutzerkl\u00e4rung erkl\u00e4ren wir, wie wir Ihre pers\u00f6nlichen Daten erheben, speichern, verarbeiten und sch\u00fctzen, wenn Sie unsere Website <strong>kanari-reinigung.at<\/strong> besuchen. Wir handeln gem\u00e4\u00df den geltenden Datenschutzvorschriften, einschlie\u00dflich der <strong>Verordnung (EU) 2016\/679 (DSGVO)<\/strong> und des <strong>\u00f6sterreichischen Datenschutzgesetzes (DSG)<\/strong>.<\/p><p><strong>2. Verantwortlicher f\u00fcr die personenbezogenen Daten (Impressum)<\/strong><\/p><p>Verantwortlicher f\u00fcr Ihre personenbezogenen Daten ist:<\/p><p><strong>Kanari GmbH &amp; CO KG<\/strong><br \/><strong>Adresse:<\/strong> Europaplatz 2\/1\/2a, 1150 Wien, \u00d6sterreich<br \/><strong>E-Mail-Kontakt:<\/strong> <a rel=\"noopener\">info.kanarireinigung@gmail.com<\/a><br \/><strong>Telefonnummer:<\/strong> +43 650 3306480<br \/><strong>Webadresse:<\/strong> <a href=\"https:\/\/kanari-reinigung.at\" target=\"_new\" rel=\"noopener\">https:\/\/kanari-reinigung.at<\/a><\/p><p><strong>3. Welche personenbezogenen Daten sammeln wir?<\/strong><\/p><p>Wir sammeln personenbezogene Daten, die Sie uns freiwillig zur Verf\u00fcgung stellen, z. B. bei der Kontaktaufnahme, der Anmeldung f\u00fcr den Newsletter, der Registrierung auf unserer Website, dem Ausf\u00fcllen von Formularen usw. Je nach Fall k\u00f6nnen dies folgende Daten sein:<\/p><ul><li>Vor- und Nachname<\/li><li>E-Mail-Adresse<\/li><li>Telefonnummer<\/li><li>Wohnadresse<\/li><li>IP-Adresse<\/li><li>Informationen zu Ihrem Ger\u00e4t (z. B. Browsertyp, Betriebssystem)<\/li><\/ul><p>Dar\u00fcber hinaus sammeln unsere Server automatisch technische Daten, wie z. B. IP-Adressen, Datum und Uhrzeit des Besuchs, besuchte Seiten, Verkehrsstatistiken, die zur Analyse der Nutzung der Website verwendet werden k\u00f6nnen.<\/p><p><strong>4. Zwecke der Verarbeitung personenbezogener Daten<\/strong><\/p><p>Wir verarbeiten Ihre personenbezogenen Daten zu folgenden Zwecken:<\/p><ul><li>Bereitstellung der Dienste auf der Website<\/li><li>Bearbeitung von Anfragen, Kontakten und Antr\u00e4gen<\/li><li>Versand von Marketinginformationen, sofern Sie zugestimmt haben<\/li><li>Erf\u00fcllung von Vertr\u00e4gen und Dienstleistungen<\/li><li>Analyse von Besucherstatistiken zur Verbesserung der Funktionalit\u00e4t der Website<\/li><li>Erf\u00fcllung gesetzlicher Verpflichtungen (z. B. steuerliche Verpflichtungen)<\/li><\/ul><p><strong>5. Rechtsgrundlage der Datenverarbeitung<\/strong><\/p><p>Die Verarbeitung Ihrer personenbezogenen Daten erfolgt auf einer oder mehreren der folgenden rechtlichen Grundlagen:<\/p><ul><li>Ihre Einwilligung (Art. 6 Abs. 1 lit. a DSGVO)<\/li><li>Erf\u00fcllung eines Vertrages oder vorvertraglicher Ma\u00dfnahmen (Art. 6 Abs. 1 lit. b DSGVO)<\/li><li>Erf\u00fcllung einer rechtlichen Verpflichtung des Verantwortlichen (Art. 6 Abs. 1 lit. c DSGVO)<\/li><li>Unsere berechtigten Interessen (Art. 6 Abs. 1 lit. f DSGVO), wie z. B. die Verbesserung der Dienstleistungsqualit\u00e4t, Analyse von Statistiken, Direktmarketing<\/li><\/ul><p><strong>6. Aufbewahrung personenbezogener Daten<\/strong><\/p><p>Ihre personenbezogenen Daten werden nur so lange aufbewahrt, wie es f\u00fcr die Erreichung des Zwecks, zu dem sie erhoben wurden, erforderlich ist. Danach, wenn sie nicht mehr f\u00fcr die Erf\u00fcllung anderer Verpflichtungen ben\u00f6tigt werden, werden die Daten gel\u00f6scht oder anonymisiert.<\/p><p><strong>7. Weitergabe personenbezogener Daten<\/strong><\/p><p>Wir verkaufen oder vermieten Ihre personenbezogenen Daten nicht an Dritte. Ihre Daten k\u00f6nnen nur in folgenden F\u00e4llen weitergegeben werden:<\/p><ul><li>An Auftragsverarbeiter, die uns bei der Bereitstellung von Dienstleistungen unterst\u00fctzen, wie IT-Dienstleister, Hosting-Anbieter, Analyse-Dienstleister<\/li><li>An Strafverfolgungsbeh\u00f6rden oder andere \u00f6ffentliche Stellen, wenn wir gesetzlich dazu verpflichtet sind<\/li><\/ul><p><strong>8. Ihre Rechte<\/strong><\/p><p>Sie haben das Recht auf:<\/p><ul><li>Auskunft \u00fcber Ihre personenbezogenen Daten<\/li><li>Berichtigung Ihrer personenbezogenen Daten<\/li><li>L\u00f6schung Ihrer personenbezogenen Daten (Recht auf Vergessenwerden)<\/li><li>Einschr\u00e4nkung der Datenverarbeitung<\/li><li>\u00dcbertragung Ihrer Daten<\/li><li>Widerspruch gegen die Verarbeitung Ihrer Daten<\/li><\/ul><p>Um von Ihren Rechten Gebrauch zu machen, k\u00f6nnen Sie sich unter der E-Mail-Adresse <a rel=\"noopener\">info.kanarireinigung@gmail.com<\/a> mit uns in Verbindung setzen.<\/p><p><strong>9. Cookies-Richtlinie<\/strong><\/p><p>Auf unserer Website verwenden wir Cookies, um die Qualit\u00e4t unserer Dienstleistungen zu verbessern, Besuche auf der Website zu analysieren und Marketinginhalte anzupassen. Cookies sind kleine Textdateien, die auf Ihrem Ger\u00e4t gespeichert werden, wenn Sie unsere Website nutzen. Cookies erm\u00f6glichen es uns, Ihre Pr\u00e4ferenzen und Einstellungen zu speichern, um die Nutzung der Website zu erleichtern.<\/p><p><strong>Arten von Cookies, die wir verwenden:<\/strong><\/p><ul><li><strong>Unbedingt erforderliche Cookies<\/strong>: Diese Cookies sind notwendig, damit unsere Website ordnungsgem\u00e4\u00df funktioniert. Ohne diese Cookies kann die Seite m\u00f6glicherweise nicht korrekt angezeigt werden.<\/li><li><strong>Analytische Cookies<\/strong>: Diese sammeln Informationen dar\u00fcber, wie Nutzer die Website verwenden. Dies hilft uns, statistische Daten zu analysieren und die Funktionalit\u00e4t der Seite zu verbessern.<\/li><li><strong>Funktionale Cookies<\/strong>: Diese speichern Ihre Pr\u00e4ferenzen und Einstellungen, um die Benutzererfahrung auf der Website zu verbessern.<\/li><li><strong>Marketing-Cookies<\/strong>: Diese dienen dazu, Ihnen personalisierte Werbung anzuzeigen, basierend auf Ihren fr\u00fcheren Aktivit\u00e4ten auf der Website.<\/li><\/ul><p><strong>Verwalten von Cookies:<\/strong><\/p><p>Die meisten Webbrowser akzeptieren Cookies automatisch. Sie k\u00f6nnen jedoch die Einstellungen Ihres Browsers \u00e4ndern, um Cookies zu blockieren oder Sie \u00fcber die Verwendung von Cookies zu informieren. Weitere Informationen zur Verwaltung von Cookies finden Sie in den Einstellungen Ihres Browsers. Bitte beachten Sie, dass das Blockieren von Cookies die Funktionalit\u00e4t der Website beeintr\u00e4chtigen kann.<\/p><p><strong>10. \u00c4nderungen an der Datenschutzerkl\u00e4rung<\/strong><\/p><p>Wir behalten uns das Recht vor, diese Datenschutzerkl\u00e4rung zu \u00e4ndern. Bei wesentlichen \u00c4nderungen werden wir Sie auf unserer Website dar\u00fcber informieren. Wir empfehlen Ihnen, regelm\u00e4\u00dfig unsere Datenschutzerkl\u00e4rung zu \u00fcberpr\u00fcfen.<\/p><p><strong>11. Kontakt<\/strong><\/p><p>Wenn Sie Fragen zu dieser Datenschutzerkl\u00e4rung haben, k\u00f6nnen Sie sich unter der E-Mail-Adresse <a rel=\"noopener\">info.kanarireinigung@gmail.com<\/a> mit uns in Verbindung setzen.<\/p>\t\t\t\t\t\t<\/div>\n\t\t\t\t<\/div>\n\t\t\t\t<\/div>\n\t\t\t\t\t<\/div>\n\t\t\t\t<\/div>\n\t\t\t\t<\/div>\n\t\t","protected":false},"excerpt":{"rendered":"<p>Datenschutzerkl\u00e4rung und Impressum G\u00fcltigkeitsdatum: 20.10.2025 1. Einleitung Der Schutz der Privatsph\u00e4re und der pers\u00f6nlichen Daten unserer Nutzer ist uns ein wichtiges Anliegen. In dieser Datenschutzerkl\u00e4rung erkl\u00e4ren wir, wie wir Ihre pers\u00f6nlichen Daten erheben, speichern, verarbeiten und sch\u00fctzen, wenn Sie unsere Website kanari-reinigung.at besuchen. Wir handeln gem\u00e4\u00df den geltenden Datenschutzvorschriften, einschlie\u00dflich der Verordnung (EU) 2016\/679 (DSGVO) [&hellip;]<\/p>\n","protected":false},"author":1,"featured_media":0,"parent":0,"menu_order":0,"comment_status":"closed","ping_status":"closed","template":"","meta":{"footnotes":""},"class_list":["post-560","page","type-page","status-publish","hentry"],"aioseo_notices":[],"_links":{"self":[{"href":"https:\/\/kanari-reinigung.de\/index.php?rest_route=\/wp\/v2\/pages\/560","targetHints":{"allow":["GET"]}}],"collection":[{"href":"https:\/\/kanari-reinigung.de\/index.php?rest_route=\/wp\/v2\/pages"}],"about":[{"href":"https:\/\/kanari-reinigung.de\/index.php?rest_route=\/wp\/v2\/types\/page"}],"author":[{"embeddable":true,"href":"https:\/\/kanari-reinigung.de\/index.php?rest_route=\/wp\/v2\/users\/1"}],"replies":[{"embeddable":true,"href":"https:\/\/kanari-reinigung.de\/index.php?rest_route=%2Fwp%2Fv2%2Fcomments&post=560"}],"version-history":[{"count":16,"href":"https:\/\/kanari-reinigung.de\/index.php?rest_route=\/wp\/v2\/pages\/560\/revisions"}],"predecessor-version":[{"id":747,"href":"https:\/\/kanari-reinigung.de\/index.php?rest_route=\/wp\/v2\/pages\/560\/revisions\/747"}],"wp:attachment":[{"href":"https:\/\/kanari-reinigung.de\/index.php?rest_route=%2Fwp%2Fv2%2Fmedia&parent=560"}],"curies":[{"name":"wp","href":"https:\/\/api.w.org\/{rel}","templated":true}]}}