{"id":538,"date":"2024-12-02T17:19:42","date_gmt":"2024-12-02T16:19:42","guid":{"rendered":"https:\/\/kanari-reinigung.de\/?page_id=538"},"modified":"2024-12-02T17:22:24","modified_gmt":"2024-12-02T16:22:24","slug":"ausenpflege-und-winterdienste","status":"publish","type":"page","link":"https:\/\/kanari-reinigung.de\/?page_id=538","title":{"rendered":"Au\u00dfenpflege und Winterdienste"},"content":{"rendered":"\t\t<div data-elementor-type=\"wp-page\" data-elementor-id=\"538\" class=\"elementor elementor-538\">\n\t\t\t\t\t\t<section class=\"elementor-section elementor-top-section elementor-element elementor-element-8bc4ad elementor-section-height-min-height elementor-section-content-middle elementor-section-boxed elementor-section-height-default elementor-section-items-middle\" data-id=\"8bc4ad\" data-element_type=\"section\" data-settings=\"{&quot;background_background&quot;:&quot;slideshow&quot;,&quot;background_slideshow_gallery&quot;:[{&quot;id&quot;:100,&quot;url&quot;:&quot;https:\\\/\\\/kanari-reinigung.de\\\/wp-content\\\/uploads\\\/2024\\\/11\\\/7-1.png&quot;},{&quot;id&quot;:119,&quot;url&quot;:&quot;https:\\\/\\\/kanari-reinigung.de\\\/wp-content\\\/uploads\\\/2024\\\/11\\\/koszenie-trawy-zielona-kosiarka.webp&quot;},{&quot;id&quot;:102,&quot;url&quot;:&quot;https:\\\/\\\/kanari-reinigung.de\\\/wp-content\\\/uploads\\\/2024\\\/11\\\/8-1.png&quot;},{&quot;id&quot;:120,&quot;url&quot;:&quot;https:\\\/\\\/kanari-reinigung.de\\\/wp-content\\\/uploads\\\/2024\\\/11\\\/porzadki-w-domu.webp&quot;}],&quot;background_slideshow_transition_duration&quot;:1500,&quot;background_slideshow_loop&quot;:&quot;yes&quot;,&quot;background_slideshow_slide_duration&quot;:5000,&quot;background_slideshow_slide_transition&quot;:&quot;fade&quot;}\">\n\t\t\t\t\t\t\t<div class=\"elementor-background-overlay\"><\/div>\n\t\t\t\t\t\t\t<div class=\"elementor-container elementor-column-gap-default\">\n\t\t\t\t\t<div class=\"elementor-column elementor-col-100 elementor-top-column elementor-element elementor-element-2035b71a elementor-invisible\" data-id=\"2035b71a\" data-element_type=\"column\" data-settings=\"{&quot;animation&quot;:&quot;fadeInUp&quot;}\">\n\t\t\t<div class=\"elementor-widget-wrap elementor-element-populated\">\n\t\t\t\t\t\t<div class=\"elementor-element elementor-element-15ec1b56 elementor-widget elementor-widget-heading\" data-id=\"15ec1b56\" data-element_type=\"widget\" data-widget_type=\"heading.default\">\n\t\t\t\t<div class=\"elementor-widget-container\">\n\t\t\t<h3 class=\"elementor-heading-title elementor-size-default\">Au\u00dfenpflege und Winterdienste<\/h3>\t\t<\/div>\n\t\t\t\t<\/div>\n\t\t\t\t\t<\/div>\n\t\t<\/div>\n\t\t\t\t\t<\/div>\n\t\t<\/section>\n\t\t<div class=\"elementor-element elementor-element-4016bc5b e-flex e-con-boxed e-con e-parent\" data-id=\"4016bc5b\" data-element_type=\"container\">\n\t\t\t\t\t<div class=\"e-con-inner\">\n\t\t<div class=\"elementor-element elementor-element-24848913 e-con-full e-flex e-con e-child\" data-id=\"24848913\" data-element_type=\"container\" data-settings=\"{&quot;background_background&quot;:&quot;classic&quot;}\">\n\t\t\t\t<div class=\"elementor-element elementor-element-6475415b elementor-position-left elementor-vertical-align-middle elementor-view-default elementor-mobile-position-top elementor-widget elementor-widget-icon-box\" data-id=\"6475415b\" data-element_type=\"widget\" data-widget_type=\"icon-box.default\">\n\t\t\t\t<div class=\"elementor-widget-container\">\n\t\t\t\t\t<div class=\"elementor-icon-box-wrapper\">\n\n\t\t\t\t\t\t<div class=\"elementor-icon-box-icon\">\n\t\t\t\t<span  class=\"elementor-icon elementor-animation-\">\n\t\t\t\t<i aria-hidden=\"true\" class=\"icon icon-information\"><\/i>\t\t\t\t<\/span>\n\t\t\t<\/div>\n\t\t\t\n\t\t\t\t\t\t<div class=\"elementor-icon-box-content\">\n\n\t\t\t\t\t\t\t\t\t<h3 class=\"elementor-icon-box-title\">\n\t\t\t\t\t\t<span  >\n\t\t\t\t\t\t\tGepflegte Au\u00dfenbereiche und sicherer Service \u2013 das ganze Jahr \u00fcber.\t\t\t\t\t\t<\/span>\n\t\t\t\t\t<\/h3>\n\t\t\t\t\n\t\t\t\t\n\t\t\t<\/div>\n\t\t\t\n\t\t<\/div>\n\t\t\t\t<\/div>\n\t\t\t\t<\/div>\n\t\t\t\t<\/div>\n\t\t\t\t\t<\/div>\n\t\t\t\t<\/div>\n\t\t\t\t<section class=\"elementor-section elementor-top-section elementor-element elementor-element-89b43ee elementor-section-boxed elementor-section-height-default elementor-section-height-default\" data-id=\"89b43ee\" data-element_type=\"section\" data-settings=\"{&quot;background_background&quot;:&quot;classic&quot;}\">\n\t\t\t\t\t\t<div class=\"elementor-container elementor-column-gap-default\">\n\t\t\t\t\t<div class=\"elementor-column elementor-col-33 elementor-top-column elementor-element elementor-element-6a66330 elementor-invisible\" data-id=\"6a66330\" data-element_type=\"column\" data-settings=\"{&quot;animation&quot;:&quot;fadeInUp&quot;}\">\n\t\t\t<div class=\"elementor-widget-wrap elementor-element-populated\">\n\t\t\t\t\t\t<div class=\"elementor-element elementor-element-bc188eb elementor-widget elementor-widget-image\" data-id=\"bc188eb\" data-element_type=\"widget\" data-widget_type=\"image.default\">\n\t\t\t\t<div class=\"elementor-widget-container\">\n\t\t\t\t\t\t\t\t\t\t\t\t\t<img fetchpriority=\"high\" decoding=\"async\" width=\"800\" height=\"534\" src=\"https:\/\/kanari-reinigung.de\/wp-content\/uploads\/2024\/11\/koszenie-trawy-zielona-kosiarka-1024x683.webp\" class=\"attachment-large size-large wp-image-119\" alt=\"\" srcset=\"https:\/\/kanari-reinigung.de\/wp-content\/uploads\/2024\/11\/koszenie-trawy-zielona-kosiarka-1024x683.webp 1024w, https:\/\/kanari-reinigung.de\/wp-content\/uploads\/2024\/11\/koszenie-trawy-zielona-kosiarka-300x200.webp 300w, https:\/\/kanari-reinigung.de\/wp-content\/uploads\/2024\/11\/koszenie-trawy-zielona-kosiarka-768x512.webp 768w, https:\/\/kanari-reinigung.de\/wp-content\/uploads\/2024\/11\/koszenie-trawy-zielona-kosiarka-1536x1024.webp 1536w, https:\/\/kanari-reinigung.de\/wp-content\/uploads\/2024\/11\/koszenie-trawy-zielona-kosiarka.webp 1920w\" sizes=\"(max-width: 800px) 100vw, 800px\" \/>\t\t\t\t\t\t\t\t\t\t\t\t\t<\/div>\n\t\t\t\t<\/div>\n\t\t\t\t<div class=\"elementor-element elementor-element-e004586 elementor-widget elementor-widget-heading\" data-id=\"e004586\" data-element_type=\"widget\" data-widget_type=\"heading.default\">\n\t\t\t\t<div class=\"elementor-widget-container\">\n\t\t\t<h5 class=\"elementor-heading-title elementor-size-default\">Gr\u00fcnfl\u00e4chenbetreuung<\/h5>\t\t<\/div>\n\t\t\t\t<\/div>\n\t\t\t\t<div class=\"elementor-element elementor-element-3a8136c elementor-widget elementor-widget-text-editor\" data-id=\"3a8136c\" data-element_type=\"widget\" data-widget_type=\"text-editor.default\">\n\t\t\t\t<div class=\"elementor-widget-container\">\n\t\t\t\t\t\t\t<p>Wir pflegen Ihre Gr\u00fcnfl\u00e4chen professionell und zuverl\u00e4ssig! Ob Pflanzen, Rasen oder Str\u00e4ucher \u2013 wir sorgen daf\u00fcr, dass alles gesund und gepflegt bleibt.<\/p>\t\t\t\t\t\t<\/div>\n\t\t\t\t<\/div>\n\t\t\t\t<div class=\"elementor-element elementor-element-7f12ea5 elementor-align-left elementor-mobile-align-center elementor-widget elementor-widget-button\" data-id=\"7f12ea5\" data-element_type=\"widget\" data-widget_type=\"button.default\">\n\t\t\t\t<div class=\"elementor-widget-container\">\n\t\t\t\t\t\t\t<div class=\"elementor-button-wrapper\">\n\t\t\t\t\t<a class=\"elementor-button elementor-button-link elementor-size-sm\" href=\"?page_id=392\">\n\t\t\t\t\t\t<span class=\"elementor-button-content-wrapper\">\n\t\t\t\t\t\t<span class=\"elementor-button-icon\">\n\t\t\t\t<i aria-hidden=\"true\" class=\"jki jki-arrow-up-right-line\"><\/i>\t\t\t<\/span>\n\t\t\t\t\t\t\t\t\t<span class=\"elementor-button-text\">Mehr<\/span>\n\t\t\t\t\t<\/span>\n\t\t\t\t\t<\/a>\n\t\t\t\t<\/div>\n\t\t\t\t\t\t<\/div>\n\t\t\t\t<\/div>\n\t\t\t\t\t<\/div>\n\t\t<\/div>\n\t\t\t\t<div class=\"elementor-column elementor-col-33 elementor-top-column elementor-element elementor-element-6366b6f elementor-invisible\" data-id=\"6366b6f\" data-element_type=\"column\" data-settings=\"{&quot;animation&quot;:&quot;fadeInUp&quot;}\">\n\t\t\t<div class=\"elementor-widget-wrap elementor-element-populated\">\n\t\t\t\t\t\t<div class=\"elementor-element elementor-element-b092355 elementor-widget elementor-widget-image\" data-id=\"b092355\" data-element_type=\"widget\" data-widget_type=\"image.default\">\n\t\t\t\t<div class=\"elementor-widget-container\">\n\t\t\t\t\t\t\t\t\t\t\t\t\t<img decoding=\"async\" width=\"800\" height=\"370\" src=\"https:\/\/kanari-reinigung.de\/wp-content\/uploads\/2024\/11\/porzadki-w-domu.webp\" class=\"attachment-large size-large wp-image-120\" alt=\"\" srcset=\"https:\/\/kanari-reinigung.de\/wp-content\/uploads\/2024\/11\/porzadki-w-domu.webp 920w, https:\/\/kanari-reinigung.de\/wp-content\/uploads\/2024\/11\/porzadki-w-domu-300x139.webp 300w, https:\/\/kanari-reinigung.de\/wp-content\/uploads\/2024\/11\/porzadki-w-domu-768x355.webp 768w\" sizes=\"(max-width: 800px) 100vw, 800px\" \/>\t\t\t\t\t\t\t\t\t\t\t\t\t<\/div>\n\t\t\t\t<\/div>\n\t\t\t\t<div class=\"elementor-element elementor-element-8e39a8b elementor-widget elementor-widget-heading\" data-id=\"8e39a8b\" data-element_type=\"widget\" data-widget_type=\"heading.default\">\n\t\t\t\t<div class=\"elementor-widget-container\">\n\t\t\t<h5 class=\"elementor-heading-title elementor-size-default\">Hausbetreuung<\/h5>\t\t<\/div>\n\t\t\t\t<\/div>\n\t\t\t\t<div class=\"elementor-element elementor-element-f09e379 elementor-widget elementor-widget-text-editor\" data-id=\"f09e379\" data-element_type=\"widget\" data-widget_type=\"text-editor.default\">\n\t\t\t\t<div class=\"elementor-widget-container\">\n\t\t\t\t\t\t\t<p>Ihre Immobilie ist bei uns bestens aufgehoben! Regelm\u00e4\u00dfige Kontrollen, kleine Reparaturen und Sauberkeit \u2013 f\u00fcr ein perfekt gepflegtes Zuhause.<\/p>\t\t\t\t\t\t<\/div>\n\t\t\t\t<\/div>\n\t\t\t\t<div class=\"elementor-element elementor-element-c584837 elementor-align-left elementor-mobile-align-center elementor-widget elementor-widget-button\" data-id=\"c584837\" data-element_type=\"widget\" data-widget_type=\"button.default\">\n\t\t\t\t<div class=\"elementor-widget-container\">\n\t\t\t\t\t\t\t<div class=\"elementor-button-wrapper\">\n\t\t\t\t\t<a class=\"elementor-button elementor-button-link elementor-size-sm\" href=\"?page_id=405\">\n\t\t\t\t\t\t<span class=\"elementor-button-content-wrapper\">\n\t\t\t\t\t\t<span class=\"elementor-button-icon\">\n\t\t\t\t<i aria-hidden=\"true\" class=\"jki jki-arrow-up-right-line\"><\/i>\t\t\t<\/span>\n\t\t\t\t\t\t\t\t\t<span class=\"elementor-button-text\">Mehr<\/span>\n\t\t\t\t\t<\/span>\n\t\t\t\t\t<\/a>\n\t\t\t\t<\/div>\n\t\t\t\t\t\t<\/div>\n\t\t\t\t<\/div>\n\t\t\t\t\t<\/div>\n\t\t<\/div>\n\t\t\t\t<div class=\"elementor-column elementor-col-33 elementor-top-column elementor-element elementor-element-f10ebd8 elementor-invisible\" data-id=\"f10ebd8\" data-element_type=\"column\" data-settings=\"{&quot;animation&quot;:&quot;fadeInUp&quot;}\">\n\t\t\t<div class=\"elementor-widget-wrap elementor-element-populated\">\n\t\t\t\t\t\t<div class=\"elementor-element elementor-element-385f621 elementor-widget elementor-widget-image\" data-id=\"385f621\" data-element_type=\"widget\" data-widget_type=\"image.default\">\n\t\t\t\t<div class=\"elementor-widget-container\">\n\t\t\t\t\t\t\t\t\t\t\t\t\t<img decoding=\"async\" width=\"800\" height=\"533\" src=\"https:\/\/kanari-reinigung.de\/wp-content\/uploads\/2024\/11\/7-1-1024x682.png\" class=\"attachment-large size-large wp-image-100\" alt=\"\" srcset=\"https:\/\/kanari-reinigung.de\/wp-content\/uploads\/2024\/11\/7-1-1024x682.png 1024w, https:\/\/kanari-reinigung.de\/wp-content\/uploads\/2024\/11\/7-1-300x200.png 300w, https:\/\/kanari-reinigung.de\/wp-content\/uploads\/2024\/11\/7-1-768x512.png 768w, https:\/\/kanari-reinigung.de\/wp-content\/uploads\/2024\/11\/7-1-1536x1024.png 1536w, https:\/\/kanari-reinigung.de\/wp-content\/uploads\/2024\/11\/7-1.png 2000w\" sizes=\"(max-width: 800px) 100vw, 800px\" \/>\t\t\t\t\t\t\t\t\t\t\t\t\t<\/div>\n\t\t\t\t<\/div>\n\t\t\t\t<div class=\"elementor-element elementor-element-3a214fe elementor-widget elementor-widget-heading\" data-id=\"3a214fe\" data-element_type=\"widget\" data-widget_type=\"heading.default\">\n\t\t\t\t<div class=\"elementor-widget-container\">\n\t\t\t<h5 class=\"elementor-heading-title elementor-size-default\">Winterdienst<\/h5>\t\t<\/div>\n\t\t\t\t<\/div>\n\t\t\t\t<div class=\"elementor-element elementor-element-664e84c elementor-widget elementor-widget-text-editor\" data-id=\"664e84c\" data-element_type=\"widget\" data-widget_type=\"text-editor.default\">\n\t\t\t\t<div class=\"elementor-widget-container\">\n\t\t\t\t\t\t\t<p>Mit uns sicher durch den Winter! Schneer\u00e4umen, Streuen und Rundum-Service, damit Sie den Winter stressfrei genie\u00dfen k\u00f6nnen.<\/p>\t\t\t\t\t\t<\/div>\n\t\t\t\t<\/div>\n\t\t\t\t<div class=\"elementor-element elementor-element-e724a97 elementor-align-left elementor-mobile-align-center elementor-widget elementor-widget-button\" data-id=\"e724a97\" data-element_type=\"widget\" data-widget_type=\"button.default\">\n\t\t\t\t<div class=\"elementor-widget-container\">\n\t\t\t\t\t\t\t<div class=\"elementor-button-wrapper\">\n\t\t\t\t\t<a class=\"elementor-button elementor-button-link elementor-size-sm\" href=\"?page_id=414\">\n\t\t\t\t\t\t<span class=\"elementor-button-content-wrapper\">\n\t\t\t\t\t\t<span class=\"elementor-button-icon\">\n\t\t\t\t<i aria-hidden=\"true\" class=\"jki jki-arrow-up-right-line\"><\/i>\t\t\t<\/span>\n\t\t\t\t\t\t\t\t\t<span class=\"elementor-button-text\">Mehr<\/span>\n\t\t\t\t\t<\/span>\n\t\t\t\t\t<\/a>\n\t\t\t\t<\/div>\n\t\t\t\t\t\t<\/div>\n\t\t\t\t<\/div>\n\t\t\t\t\t<\/div>\n\t\t<\/div>\n\t\t\t\t\t<\/div>\n\t\t<\/section>\n\t\t\t\t<section class=\"elementor-section elementor-top-section elementor-element elementor-element-20b90239 elementor-section-boxed elementor-section-height-default elementor-section-height-default\" data-id=\"20b90239\" data-element_type=\"section\" data-settings=\"{&quot;background_background&quot;:&quot;classic&quot;}\">\n\t\t\t\t\t\t<div class=\"elementor-container elementor-column-gap-default\">\n\t\t\t\t\t<div class=\"elementor-column elementor-col-33 elementor-top-column elementor-element elementor-element-450e58c2 elementor-invisible\" data-id=\"450e58c2\" data-element_type=\"column\" data-settings=\"{&quot;animation&quot;:&quot;fadeInUp&quot;}\">\n\t\t\t<div class=\"elementor-widget-wrap elementor-element-populated\">\n\t\t\t\t\t\t<div class=\"elementor-element elementor-element-248f43c8 jkit-equal-height-disable elementor-widget elementor-widget-jkit_icon_box\" data-id=\"248f43c8\" data-element_type=\"widget\" data-widget_type=\"jkit_icon_box.default\">\n\t\t\t\t<div class=\"elementor-widget-container\">\n\t\t\t<div  class=\"jeg-elementor-kit jkit-icon-box icon-position-left elementor-animation- jeg_module___69d2c0d38281e\" ><div class=\"jkit-icon-box-wrapper hover-from-left\"><div class=\"icon-box icon-box-body\">\n                <h5 class=\"title\">Innenreinigung<\/h5><p class=\"icon-box-description\">Perfekte Sauberkeit f\u00fcr Ihre Innenr\u00e4ume \u2013 hygienisch und gr\u00fcndlich.<\/p><div class=\"icon-box-button \">\n                <div class=\"btn-wrapper icon-position-after\">\n                    <a href=\"?page_id=475\" class=\"icon-box-link\" aria-label=\"Mehr\">Mehr<i aria-hidden=\"true\" class=\"jki jki-arrow-up-right-line\"><\/i><\/a>\n                <\/div>\n            <\/div>\n            <\/div>\n            \n            <\/div><\/div>\t\t<\/div>\n\t\t\t\t<\/div>\n\t\t\t\t\t<\/div>\n\t\t<\/div>\n\t\t\t\t<div class=\"elementor-column elementor-col-33 elementor-top-column elementor-element elementor-element-4f76cc88\" data-id=\"4f76cc88\" data-element_type=\"column\">\n\t\t\t<div class=\"elementor-widget-wrap elementor-element-populated\">\n\t\t\t\t\t\t<section class=\"elementor-section elementor-inner-section elementor-element elementor-element-2d25e08 elementor-reverse-tablet elementor-section-boxed elementor-section-height-default elementor-section-height-default\" data-id=\"2d25e08\" data-element_type=\"section\">\n\t\t\t\t\t\t<div class=\"elementor-container elementor-column-gap-default\">\n\t\t\t\t\t<div class=\"elementor-column elementor-col-100 elementor-inner-column elementor-element elementor-element-b31a41 elementor-invisible\" data-id=\"b31a41\" data-element_type=\"column\" data-settings=\"{&quot;animation&quot;:&quot;fadeInUp&quot;}\">\n\t\t\t<div class=\"elementor-widget-wrap elementor-element-populated\">\n\t\t\t\t\t\t<div class=\"elementor-element elementor-element-3c730192 jkit-equal-height-disable elementor-widget elementor-widget-jkit_icon_box\" data-id=\"3c730192\" data-element_type=\"widget\" data-widget_type=\"jkit_icon_box.default\">\n\t\t\t\t<div class=\"elementor-widget-container\">\n\t\t\t<div  class=\"jeg-elementor-kit jkit-icon-box icon-position- elementor-animation- jeg_module__1_69d2c0d382dc5\" ><div class=\"jkit-icon-box-wrapper hover-from-left\"><div class=\"icon-box icon-box-body\">\n                <h5 class=\"title\">Spezialreinigung<\/h5><p class=\"icon-box-description\">Effektive L\u00f6sungen f\u00fcr besonders anspruchsvolle Reinigungsaufgaben.<\/p><div class=\"icon-box-button \">\n                <div class=\"btn-wrapper icon-position-after\">\n                    <a href=\"\" class=\"icon-box-link\" aria-label=\"Mehr\">Mehr<i aria-hidden=\"true\" class=\"jki jki-arrow-up-right-line\"><\/i><\/a>\n                <\/div>\n            <\/div>\n            <\/div>\n            \n            <\/div><\/div>\t\t<\/div>\n\t\t\t\t<\/div>\n\t\t\t\t\t<\/div>\n\t\t<\/div>\n\t\t\t\t\t<\/div>\n\t\t<\/section>\n\t\t\t\t\t<\/div>\n\t\t<\/div>\n\t\t\t\t<div class=\"elementor-column elementor-col-33 elementor-top-column elementor-element elementor-element-1d0ea4cf elementor-invisible\" data-id=\"1d0ea4cf\" data-element_type=\"column\" data-settings=\"{&quot;animation&quot;:&quot;fadeInUp&quot;}\">\n\t\t\t<div class=\"elementor-widget-wrap elementor-element-populated\">\n\t\t\t\t\t\t<div class=\"elementor-element elementor-element-53e25031 jkit-equal-height-disable elementor-widget elementor-widget-jkit_icon_box\" data-id=\"53e25031\" data-element_type=\"widget\" data-widget_type=\"jkit_icon_box.default\">\n\t\t\t\t<div class=\"elementor-widget-container\">\n\t\t\t<div  class=\"jeg-elementor-kit jkit-icon-box icon-position- elementor-animation- jeg_module__2_69d2c0d383210\" ><div class=\"jkit-icon-box-wrapper hover-from-left\"><div class=\"icon-box icon-box-body\">\n                <h5 class=\"title\">Au\u00dfenpflege und Winterdienste<\/h5><p class=\"icon-box-description\">Gepflegte Au\u00dfenbereiche und sicherer Service \u2013 das ganze Jahr \u00fcber.<\/p><div class=\"icon-box-button \">\n                <div class=\"btn-wrapper icon-position-after\">\n                    <a href=\"#\" class=\"icon-box-link\" aria-label=\"Mehr\">Mehr<i aria-hidden=\"true\" class=\"jki jki-arrow-up-right-line\"><\/i><\/a>\n                <\/div>\n            <\/div>\n            <\/div>\n            \n            <\/div><\/div>\t\t<\/div>\n\t\t\t\t<\/div>\n\t\t\t\t\t<\/div>\n\t\t<\/div>\n\t\t\t\t\t<\/div>\n\t\t<\/section>\n\t\t\t\t<section class=\"elementor-section elementor-top-section elementor-element elementor-element-63101706 elementor-section-boxed elementor-section-height-default elementor-section-height-default\" data-id=\"63101706\" data-element_type=\"section\" data-settings=\"{&quot;background_background&quot;:&quot;classic&quot;}\">\n\t\t\t\t\t\t<div class=\"elementor-container elementor-column-gap-default\">\n\t\t\t\t\t<div class=\"elementor-column elementor-col-50 elementor-top-column elementor-element elementor-element-740b209d elementor-invisible\" data-id=\"740b209d\" data-element_type=\"column\" data-settings=\"{&quot;animation&quot;:&quot;fadeInUp&quot;}\">\n\t\t\t<div class=\"elementor-widget-wrap elementor-element-populated\">\n\t\t\t\t\t\t<div class=\"elementor-element elementor-element-3aa6fd55 elementor-widget elementor-widget-image\" data-id=\"3aa6fd55\" data-element_type=\"widget\" data-widget_type=\"image.default\">\n\t\t\t\t<div class=\"elementor-widget-container\">\n\t\t\t\t\t\t\t\t\t\t\t\t\t<img loading=\"lazy\" decoding=\"async\" width=\"800\" height=\"534\" src=\"https:\/\/kanari-reinigung.de\/wp-content\/uploads\/2024\/11\/real-estate-agent-using-laptop-while-having-a-meet-2022-10-06-01-29-48-utc-1-1024x683.webp\" class=\"attachment-large size-large wp-image-33\" alt=\"\" srcset=\"https:\/\/kanari-reinigung.de\/wp-content\/uploads\/2024\/11\/real-estate-agent-using-laptop-while-having-a-meet-2022-10-06-01-29-48-utc-1-1024x683.webp 1024w, https:\/\/kanari-reinigung.de\/wp-content\/uploads\/2024\/11\/real-estate-agent-using-laptop-while-having-a-meet-2022-10-06-01-29-48-utc-1-300x200.webp 300w, https:\/\/kanari-reinigung.de\/wp-content\/uploads\/2024\/11\/real-estate-agent-using-laptop-while-having-a-meet-2022-10-06-01-29-48-utc-1-768x512.webp 768w, https:\/\/kanari-reinigung.de\/wp-content\/uploads\/2024\/11\/real-estate-agent-using-laptop-while-having-a-meet-2022-10-06-01-29-48-utc-1-1536x1024.webp 1536w, https:\/\/kanari-reinigung.de\/wp-content\/uploads\/2024\/11\/real-estate-agent-using-laptop-while-having-a-meet-2022-10-06-01-29-48-utc-1.webp 1920w\" sizes=\"(max-width: 800px) 100vw, 800px\" \/>\t\t\t\t\t\t\t\t\t\t\t\t\t<\/div>\n\t\t\t\t<\/div>\n\t\t\t\t\t<\/div>\n\t\t<\/div>\n\t\t\t\t<div class=\"elementor-column elementor-col-50 elementor-top-column elementor-element elementor-element-7892464d elementor-invisible\" data-id=\"7892464d\" data-element_type=\"column\" data-settings=\"{&quot;animation&quot;:&quot;fadeInUp&quot;}\">\n\t\t\t<div class=\"elementor-widget-wrap elementor-element-populated\">\n\t\t\t\t\t\t<div class=\"elementor-element elementor-element-77e2920d elementor-widget-tablet__width-inherit elementor-widget elementor-widget-jkit_heading\" data-id=\"77e2920d\" data-element_type=\"widget\" data-widget_type=\"jkit_heading.default\">\n\t\t\t\t<div class=\"elementor-widget-container\">\n\t\t\t<div  class=\"jeg-elementor-kit jkit-heading  align- align-tablet- align-mobile-center jeg_module__3_69d2c0d38464c\" ><div class=\"heading-section-title  display-inline-block\"><h2 class=\"heading-title\"><span class=\"style-color\"><span>Kostenlose<\/span><\/span> Beratung<\/h2><\/div><\/div>\t\t<\/div>\n\t\t\t\t<\/div>\n\t\t\t\t<div class=\"elementor-element elementor-element-2b1b09b2 elementor-widget elementor-widget-text-editor\" data-id=\"2b1b09b2\" data-element_type=\"widget\" data-widget_type=\"text-editor.default\">\n\t\t\t\t<div class=\"elementor-widget-container\">\n\t\t\t\t\t\t\t<p>Haben Sie Fragen zu unseren Reinigungsdienstleistungen oder ben\u00f6tigen Sie eine individuelle L\u00f6sung? Kontaktieren Sie uns f\u00fcr eine kostenlose Beratung! Unser Team steht Ihnen gerne zur Verf\u00fcgung, um Ihnen die besten Optionen zu bieten \u2013 schnell, unverbindlich und ma\u00dfgeschneidert auf Ihre Bed\u00fcrfnisse.<\/p><p>Rufen Sie uns an oder senden Sie eine Nachricht \u2013 wir freuen uns darauf, von Ihnen zu h\u00f6ren!<\/p>\t\t\t\t\t\t<\/div>\n\t\t\t\t<\/div>\n\t\t\t\t<div class=\"elementor-element elementor-element-2a7316bc elementor-align-left elementor-mobile-align-center elementor-widget elementor-widget-button\" data-id=\"2a7316bc\" data-element_type=\"widget\" data-widget_type=\"button.default\">\n\t\t\t\t<div class=\"elementor-widget-container\">\n\t\t\t\t\t\t\t<div class=\"elementor-button-wrapper\">\n\t\t\t\t\t<a class=\"elementor-button elementor-button-link elementor-size-sm\" href=\"\/kontakt\/\">\n\t\t\t\t\t\t<span class=\"elementor-button-content-wrapper\">\n\t\t\t\t\t\t<span class=\"elementor-button-icon\">\n\t\t\t\t<i aria-hidden=\"true\" class=\"jki jki-arrow-up-right-line\"><\/i>\t\t\t<\/span>\n\t\t\t\t\t\t\t\t\t<span class=\"elementor-button-text\">KONTAKT<\/span>\n\t\t\t\t\t<\/span>\n\t\t\t\t\t<\/a>\n\t\t\t\t<\/div>\n\t\t\t\t\t\t<\/div>\n\t\t\t\t<\/div>\n\t\t\t\t\t<\/div>\n\t\t<\/div>\n\t\t\t\t\t<\/div>\n\t\t<\/section>\n\t\t\t\t<\/div>\n\t\t","protected":false},"excerpt":{"rendered":"<p>Au\u00dfenpflege und Winterdienste Gepflegte Au\u00dfenbereiche und sicherer Service \u2013 das ganze Jahr \u00fcber. Gr\u00fcnfl\u00e4chenbetreuung Wir pflegen Ihre Gr\u00fcnfl\u00e4chen professionell und zuverl\u00e4ssig! Ob Pflanzen, Rasen oder Str\u00e4ucher \u2013 wir sorgen daf\u00fcr, dass alles gesund und gepflegt bleibt. Mehr Hausbetreuung Ihre Immobilie ist bei uns bestens aufgehoben! Regelm\u00e4\u00dfige Kontrollen, kleine Reparaturen und Sauberkeit \u2013 f\u00fcr ein perfekt [&hellip;]<\/p>\n","protected":false},"author":1,"featured_media":0,"parent":0,"menu_order":0,"comment_status":"closed","ping_status":"closed","template":"","meta":{"footnotes":""},"class_list":["post-538","page","type-page","status-publish","hentry"],"aioseo_notices":[],"_links":{"self":[{"href":"https:\/\/kanari-reinigung.de\/index.php?rest_route=\/wp\/v2\/pages\/538","targetHints":{"allow":["GET"]}}],"collection":[{"href":"https:\/\/kanari-reinigung.de\/index.php?rest_route=\/wp\/v2\/pages"}],"about":[{"href":"https:\/\/kanari-reinigung.de\/index.php?rest_route=\/wp\/v2\/types\/page"}],"author":[{"embeddable":true,"href":"https:\/\/kanari-reinigung.de\/index.php?rest_route=\/wp\/v2\/users\/1"}],"replies":[{"embeddable":true,"href":"https:\/\/kanari-reinigung.de\/index.php?rest_route=%2Fwp%2Fv2%2Fcomments&post=538"}],"version-history":[{"count":7,"href":"https:\/\/kanari-reinigung.de\/index.php?rest_route=\/wp\/v2\/pages\/538\/revisions"}],"predecessor-version":[{"id":546,"href":"https:\/\/kanari-reinigung.de\/index.php?rest_route=\/wp\/v2\/pages\/538\/revisions\/546"}],"wp:attachment":[{"href":"https:\/\/kanari-reinigung.de\/index.php?rest_route=%2Fwp%2Fv2%2Fmedia&parent=538"}],"curies":[{"name":"wp","href":"https:\/\/api.w.org\/{rel}","templated":true}]}}