{"id":475,"date":"2024-12-02T16:46:09","date_gmt":"2024-12-02T15:46:09","guid":{"rendered":"https:\/\/kanari-reinigung.de\/?page_id=475"},"modified":"2024-12-02T17:12:36","modified_gmt":"2024-12-02T16:12:36","slug":"innenreinigung","status":"publish","type":"page","link":"https:\/\/kanari-reinigung.de\/?page_id=475","title":{"rendered":"Innenreinigung"},"content":{"rendered":"\t\t<div data-elementor-type=\"wp-page\" data-elementor-id=\"475\" class=\"elementor elementor-475\">\n\t\t\t\t\t\t<section class=\"elementor-section elementor-top-section elementor-element elementor-element-3207cbf6 elementor-section-height-min-height elementor-section-content-middle elementor-section-boxed elementor-section-height-default elementor-section-items-middle\" data-id=\"3207cbf6\" data-element_type=\"section\" data-settings=\"{&quot;background_background&quot;:&quot;slideshow&quot;,&quot;background_slideshow_gallery&quot;:[{&quot;id&quot;:104,&quot;url&quot;:&quot;https:\\\/\\\/kanari-reinigung.de\\\/wp-content\\\/uploads\\\/2024\\\/11\\\/10-1.png&quot;},{&quot;id&quot;:113,&quot;url&quot;:&quot;https:\\\/\\\/kanari-reinigung.de\\\/wp-content\\\/uploads\\\/2024\\\/11\\\/pexels-anna-nekrashevich-6603475-1-scaled.jpg&quot;},{&quot;id&quot;:98,&quot;url&quot;:&quot;https:\\\/\\\/kanari-reinigung.de\\\/wp-content\\\/uploads\\\/2024\\\/11\\\/5-1.png&quot;}],&quot;background_slideshow_transition_duration&quot;:1500,&quot;background_slideshow_loop&quot;:&quot;yes&quot;,&quot;background_slideshow_slide_duration&quot;:5000,&quot;background_slideshow_slide_transition&quot;:&quot;fade&quot;}\">\n\t\t\t\t\t\t\t<div class=\"elementor-background-overlay\"><\/div>\n\t\t\t\t\t\t\t<div class=\"elementor-container elementor-column-gap-default\">\n\t\t\t\t\t<div class=\"elementor-column elementor-col-100 elementor-top-column elementor-element elementor-element-724a8469 elementor-invisible\" data-id=\"724a8469\" data-element_type=\"column\" data-settings=\"{&quot;animation&quot;:&quot;fadeInUp&quot;}\">\n\t\t\t<div class=\"elementor-widget-wrap elementor-element-populated\">\n\t\t\t\t\t\t<div class=\"elementor-element elementor-element-51d01a7b elementor-widget elementor-widget-heading\" data-id=\"51d01a7b\" data-element_type=\"widget\" data-widget_type=\"heading.default\">\n\t\t\t\t<div class=\"elementor-widget-container\">\n\t\t\t<h3 class=\"elementor-heading-title elementor-size-default\">Innenreinigung<\/h3>\t\t<\/div>\n\t\t\t\t<\/div>\n\t\t\t\t\t<\/div>\n\t\t<\/div>\n\t\t\t\t\t<\/div>\n\t\t<\/section>\n\t\t<div class=\"elementor-element elementor-element-a46abee e-flex e-con-boxed e-con e-parent\" data-id=\"a46abee\" data-element_type=\"container\">\n\t\t\t\t\t<div class=\"e-con-inner\">\n\t\t<div class=\"elementor-element elementor-element-ccc882a e-con-full e-flex e-con e-child\" data-id=\"ccc882a\" data-element_type=\"container\" data-settings=\"{&quot;background_background&quot;:&quot;classic&quot;}\">\n\t\t\t\t<div class=\"elementor-element elementor-element-69b0617 elementor-position-left elementor-vertical-align-middle elementor-view-default elementor-mobile-position-top elementor-widget elementor-widget-icon-box\" data-id=\"69b0617\" data-element_type=\"widget\" data-widget_type=\"icon-box.default\">\n\t\t\t\t<div class=\"elementor-widget-container\">\n\t\t\t\t\t<div class=\"elementor-icon-box-wrapper\">\n\n\t\t\t\t\t\t<div class=\"elementor-icon-box-icon\">\n\t\t\t\t<span  class=\"elementor-icon elementor-animation-\">\n\t\t\t\t<i aria-hidden=\"true\" class=\"icon icon-information\"><\/i>\t\t\t\t<\/span>\n\t\t\t<\/div>\n\t\t\t\n\t\t\t\t\t\t<div class=\"elementor-icon-box-content\">\n\n\t\t\t\t\t\t\t\t\t<h3 class=\"elementor-icon-box-title\">\n\t\t\t\t\t\t<span  >\n\t\t\t\t\t\t\tPerfekte Sauberkeit f\u00fcr Ihre Innenr\u00e4ume \u2013 hygienisch und gr\u00fcndlich.\t\t\t\t\t\t<\/span>\n\t\t\t\t\t<\/h3>\n\t\t\t\t\n\t\t\t\t\n\t\t\t<\/div>\n\t\t\t\n\t\t<\/div>\n\t\t\t\t<\/div>\n\t\t\t\t<\/div>\n\t\t\t\t<\/div>\n\t\t\t\t\t<\/div>\n\t\t\t\t<\/div>\n\t\t\t\t<section class=\"elementor-section elementor-top-section elementor-element elementor-element-d87a2bd elementor-section-boxed elementor-section-height-default elementor-section-height-default\" data-id=\"d87a2bd\" data-element_type=\"section\" data-settings=\"{&quot;background_background&quot;:&quot;classic&quot;}\">\n\t\t\t\t\t\t<div class=\"elementor-container elementor-column-gap-default\">\n\t\t\t\t\t<div class=\"elementor-column elementor-col-33 elementor-top-column elementor-element elementor-element-7c723b4 elementor-invisible\" data-id=\"7c723b4\" data-element_type=\"column\" data-settings=\"{&quot;animation&quot;:&quot;fadeInUp&quot;}\">\n\t\t\t<div class=\"elementor-widget-wrap elementor-element-populated\">\n\t\t\t\t\t\t<div class=\"elementor-element elementor-element-f63b78a elementor-widget elementor-widget-image\" data-id=\"f63b78a\" data-element_type=\"widget\" data-widget_type=\"image.default\">\n\t\t\t\t<div class=\"elementor-widget-container\">\n\t\t\t\t\t\t\t\t\t\t\t\t\t<img fetchpriority=\"high\" decoding=\"async\" width=\"800\" height=\"533\" src=\"https:\/\/kanari-reinigung.de\/wp-content\/uploads\/2024\/11\/10-1-1024x682.png\" class=\"attachment-large size-large wp-image-104\" alt=\"\" srcset=\"https:\/\/kanari-reinigung.de\/wp-content\/uploads\/2024\/11\/10-1-1024x682.png 1024w, https:\/\/kanari-reinigung.de\/wp-content\/uploads\/2024\/11\/10-1-300x200.png 300w, https:\/\/kanari-reinigung.de\/wp-content\/uploads\/2024\/11\/10-1-768x512.png 768w, https:\/\/kanari-reinigung.de\/wp-content\/uploads\/2024\/11\/10-1-1536x1024.png 1536w, https:\/\/kanari-reinigung.de\/wp-content\/uploads\/2024\/11\/10-1.png 2000w\" sizes=\"(max-width: 800px) 100vw, 800px\" \/>\t\t\t\t\t\t\t\t\t\t\t\t\t<\/div>\n\t\t\t\t<\/div>\n\t\t\t\t<div class=\"elementor-element elementor-element-94f7e43 elementor-widget elementor-widget-heading\" data-id=\"94f7e43\" data-element_type=\"widget\" data-widget_type=\"heading.default\">\n\t\t\t\t<div class=\"elementor-widget-container\">\n\t\t\t<h5 class=\"elementor-heading-title elementor-size-default\">Unterhaltsreinigung<\/h5>\t\t<\/div>\n\t\t\t\t<\/div>\n\t\t\t\t<div class=\"elementor-element elementor-element-f216bf2 elementor-widget elementor-widget-text-editor\" data-id=\"f216bf2\" data-element_type=\"widget\" data-widget_type=\"text-editor.default\">\n\t\t\t\t<div class=\"elementor-widget-container\">\n\t\t\t\t\t\t\t<p>Regelm\u00e4\u00dfige Reinigung f\u00fcr ein sauberes und hygienisches Umfeld, ideal f\u00fcr B\u00fcros und Gewerbe.<\/p>\t\t\t\t\t\t<\/div>\n\t\t\t\t<\/div>\n\t\t\t\t<div class=\"elementor-element elementor-element-bb021bb elementor-align-left elementor-mobile-align-center elementor-widget elementor-widget-button\" data-id=\"bb021bb\" data-element_type=\"widget\" data-widget_type=\"button.default\">\n\t\t\t\t<div class=\"elementor-widget-container\">\n\t\t\t\t\t\t\t<div class=\"elementor-button-wrapper\">\n\t\t\t\t\t<a class=\"elementor-button elementor-button-link elementor-size-sm\" href=\"?page_id=257\">\n\t\t\t\t\t\t<span class=\"elementor-button-content-wrapper\">\n\t\t\t\t\t\t<span class=\"elementor-button-icon\">\n\t\t\t\t<i aria-hidden=\"true\" class=\"jki jki-arrow-up-right-line\"><\/i>\t\t\t<\/span>\n\t\t\t\t\t\t\t\t\t<span class=\"elementor-button-text\">Mehr<\/span>\n\t\t\t\t\t<\/span>\n\t\t\t\t\t<\/a>\n\t\t\t\t<\/div>\n\t\t\t\t\t\t<\/div>\n\t\t\t\t<\/div>\n\t\t\t\t\t<\/div>\n\t\t<\/div>\n\t\t\t\t<div class=\"elementor-column elementor-col-33 elementor-top-column elementor-element elementor-element-bbe7ade elementor-invisible\" data-id=\"bbe7ade\" data-element_type=\"column\" data-settings=\"{&quot;animation&quot;:&quot;fadeInUp&quot;}\">\n\t\t\t<div class=\"elementor-widget-wrap elementor-element-populated\">\n\t\t\t\t\t\t<div class=\"elementor-element elementor-element-87e55d0 elementor-widget elementor-widget-image\" data-id=\"87e55d0\" data-element_type=\"widget\" data-widget_type=\"image.default\">\n\t\t\t\t<div class=\"elementor-widget-container\">\n\t\t\t\t\t\t\t\t\t\t\t\t\t<img decoding=\"async\" width=\"800\" height=\"534\" src=\"https:\/\/kanari-reinigung.de\/wp-content\/uploads\/2024\/11\/5-1-1024x684.png\" class=\"attachment-large size-large wp-image-98\" alt=\"\" srcset=\"https:\/\/kanari-reinigung.de\/wp-content\/uploads\/2024\/11\/5-1-1024x684.png 1024w, https:\/\/kanari-reinigung.de\/wp-content\/uploads\/2024\/11\/5-1-300x200.png 300w, https:\/\/kanari-reinigung.de\/wp-content\/uploads\/2024\/11\/5-1-768x513.png 768w, https:\/\/kanari-reinigung.de\/wp-content\/uploads\/2024\/11\/5-1-1536x1025.png 1536w, https:\/\/kanari-reinigung.de\/wp-content\/uploads\/2024\/11\/5-1.png 2000w\" sizes=\"(max-width: 800px) 100vw, 800px\" \/>\t\t\t\t\t\t\t\t\t\t\t\t\t<\/div>\n\t\t\t\t<\/div>\n\t\t\t\t<div class=\"elementor-element elementor-element-8fea316 elementor-widget elementor-widget-heading\" data-id=\"8fea316\" data-element_type=\"widget\" data-widget_type=\"heading.default\">\n\t\t\t\t<div class=\"elementor-widget-container\">\n\t\t\t<h5 class=\"elementor-heading-title elementor-size-default\">B\u00fcroreinigung<\/h5>\t\t<\/div>\n\t\t\t\t<\/div>\n\t\t\t\t<div class=\"elementor-element elementor-element-db3889a elementor-widget elementor-widget-text-editor\" data-id=\"db3889a\" data-element_type=\"widget\" data-widget_type=\"text-editor.default\">\n\t\t\t\t<div class=\"elementor-widget-container\">\n\t\t\t\t\t\t\t<p>Professionelle Reinigung, die eine angenehme Arbeitsatmosph\u00e4re schafft und die Produktivit\u00e4t steigert.<\/p>\t\t\t\t\t\t<\/div>\n\t\t\t\t<\/div>\n\t\t\t\t<div class=\"elementor-element elementor-element-652e5a6 elementor-align-left elementor-mobile-align-center elementor-widget elementor-widget-button\" data-id=\"652e5a6\" data-element_type=\"widget\" data-widget_type=\"button.default\">\n\t\t\t\t<div class=\"elementor-widget-container\">\n\t\t\t\t\t\t\t<div class=\"elementor-button-wrapper\">\n\t\t\t\t\t<a class=\"elementor-button elementor-button-link elementor-size-sm\" href=\"?page_id=302\">\n\t\t\t\t\t\t<span class=\"elementor-button-content-wrapper\">\n\t\t\t\t\t\t<span class=\"elementor-button-icon\">\n\t\t\t\t<i aria-hidden=\"true\" class=\"jki jki-arrow-up-right-line\"><\/i>\t\t\t<\/span>\n\t\t\t\t\t\t\t\t\t<span class=\"elementor-button-text\">Mehr<\/span>\n\t\t\t\t\t<\/span>\n\t\t\t\t\t<\/a>\n\t\t\t\t<\/div>\n\t\t\t\t\t\t<\/div>\n\t\t\t\t<\/div>\n\t\t\t\t\t<\/div>\n\t\t<\/div>\n\t\t\t\t<div class=\"elementor-column elementor-col-33 elementor-top-column elementor-element elementor-element-0b89db6 elementor-invisible\" data-id=\"0b89db6\" data-element_type=\"column\" data-settings=\"{&quot;animation&quot;:&quot;fadeInUp&quot;}\">\n\t\t\t<div class=\"elementor-widget-wrap elementor-element-populated\">\n\t\t\t\t\t\t<div class=\"elementor-element elementor-element-6b95040 elementor-widget elementor-widget-image\" data-id=\"6b95040\" data-element_type=\"widget\" data-widget_type=\"image.default\">\n\t\t\t\t<div class=\"elementor-widget-container\">\n\t\t\t\t\t\t\t\t\t\t\t\t\t<img decoding=\"async\" width=\"1706\" height=\"2560\" src=\"https:\/\/kanari-reinigung.de\/wp-content\/uploads\/2024\/11\/pexels-anna-nekrashevich-6603475-1-scaled.jpg\" class=\"attachment-full size-full wp-image-113\" alt=\"\" srcset=\"https:\/\/kanari-reinigung.de\/wp-content\/uploads\/2024\/11\/pexels-anna-nekrashevich-6603475-1-scaled.jpg 1706w, https:\/\/kanari-reinigung.de\/wp-content\/uploads\/2024\/11\/pexels-anna-nekrashevich-6603475-1-200x300.jpg 200w, https:\/\/kanari-reinigung.de\/wp-content\/uploads\/2024\/11\/pexels-anna-nekrashevich-6603475-1-683x1024.jpg 683w, https:\/\/kanari-reinigung.de\/wp-content\/uploads\/2024\/11\/pexels-anna-nekrashevich-6603475-1-768x1152.jpg 768w, https:\/\/kanari-reinigung.de\/wp-content\/uploads\/2024\/11\/pexels-anna-nekrashevich-6603475-1-1024x1536.jpg 1024w, https:\/\/kanari-reinigung.de\/wp-content\/uploads\/2024\/11\/pexels-anna-nekrashevich-6603475-1-1365x2048.jpg 1365w\" sizes=\"(max-width: 1706px) 100vw, 1706px\" \/>\t\t\t\t\t\t\t\t\t\t\t\t\t<\/div>\n\t\t\t\t<\/div>\n\t\t\t\t<div class=\"elementor-element elementor-element-d4e7376 elementor-widget elementor-widget-heading\" data-id=\"d4e7376\" data-element_type=\"widget\" data-widget_type=\"heading.default\">\n\t\t\t\t<div class=\"elementor-widget-container\">\n\t\t\t<h5 class=\"elementor-heading-title elementor-size-default\">Hotelreinigung<\/h5>\t\t<\/div>\n\t\t\t\t<\/div>\n\t\t\t\t<div class=\"elementor-element elementor-element-6a5c9ba elementor-widget elementor-widget-text-editor\" data-id=\"6a5c9ba\" data-element_type=\"widget\" data-widget_type=\"text-editor.default\">\n\t\t\t\t<div class=\"elementor-widget-container\">\n\t\t\t\t\t\t\t<p>Umfassende Reinigung f\u00fcr Hotels, die daf\u00fcr sorgt, dass G\u00e4ste sich wohl und willkommen f\u00fchlen.<\/p>\t\t\t\t\t\t<\/div>\n\t\t\t\t<\/div>\n\t\t\t\t<div class=\"elementor-element elementor-element-f2142e9 elementor-align-left elementor-mobile-align-center elementor-widget elementor-widget-button\" data-id=\"f2142e9\" data-element_type=\"widget\" data-widget_type=\"button.default\">\n\t\t\t\t<div class=\"elementor-widget-container\">\n\t\t\t\t\t\t\t<div class=\"elementor-button-wrapper\">\n\t\t\t\t\t<a class=\"elementor-button elementor-button-link elementor-size-sm\" href=\"?page_id=321\">\n\t\t\t\t\t\t<span class=\"elementor-button-content-wrapper\">\n\t\t\t\t\t\t<span class=\"elementor-button-icon\">\n\t\t\t\t<i aria-hidden=\"true\" class=\"jki jki-arrow-up-right-line\"><\/i>\t\t\t<\/span>\n\t\t\t\t\t\t\t\t\t<span class=\"elementor-button-text\">Mehr<\/span>\n\t\t\t\t\t<\/span>\n\t\t\t\t\t<\/a>\n\t\t\t\t<\/div>\n\t\t\t\t\t\t<\/div>\n\t\t\t\t<\/div>\n\t\t\t\t\t<\/div>\n\t\t<\/div>\n\t\t\t\t\t<\/div>\n\t\t<\/section>\n\t\t\t\t<section class=\"elementor-section elementor-top-section elementor-element elementor-element-49512a65 elementor-section-boxed elementor-section-height-default elementor-section-height-default\" data-id=\"49512a65\" data-element_type=\"section\" data-settings=\"{&quot;background_background&quot;:&quot;classic&quot;}\">\n\t\t\t\t\t\t<div class=\"elementor-container elementor-column-gap-default\">\n\t\t\t\t\t<div class=\"elementor-column elementor-col-33 elementor-top-column elementor-element elementor-element-2a977c9b elementor-invisible\" data-id=\"2a977c9b\" data-element_type=\"column\" data-settings=\"{&quot;animation&quot;:&quot;fadeInUp&quot;}\">\n\t\t\t<div class=\"elementor-widget-wrap elementor-element-populated\">\n\t\t\t\t\t\t<div class=\"elementor-element elementor-element-b638554 jkit-equal-height-disable elementor-widget elementor-widget-jkit_icon_box\" data-id=\"b638554\" data-element_type=\"widget\" data-widget_type=\"jkit_icon_box.default\">\n\t\t\t\t<div class=\"elementor-widget-container\">\n\t\t\t<div  class=\"jeg-elementor-kit jkit-icon-box icon-position-left elementor-animation- jeg_module___69d2c043d5165\" ><div class=\"jkit-icon-box-wrapper hover-from-left\"><div class=\"icon-box icon-box-body\">\n                <h5 class=\"title\">Innenreinigung<\/h5><p class=\"icon-box-description\">Perfekte Sauberkeit f\u00fcr Ihre Innenr\u00e4ume \u2013 hygienisch und gr\u00fcndlich.<\/p><div class=\"icon-box-button \">\n                <div class=\"btn-wrapper icon-position-after\">\n                    <a href=\"?page_id=475\" class=\"icon-box-link\" aria-label=\"Mehr\">Mehr<i aria-hidden=\"true\" class=\"jki jki-arrow-up-right-line\"><\/i><\/a>\n                <\/div>\n            <\/div>\n            <\/div>\n            \n            <\/div><\/div>\t\t<\/div>\n\t\t\t\t<\/div>\n\t\t\t\t\t<\/div>\n\t\t<\/div>\n\t\t\t\t<div class=\"elementor-column elementor-col-33 elementor-top-column elementor-element elementor-element-2093de6f\" data-id=\"2093de6f\" data-element_type=\"column\">\n\t\t\t<div class=\"elementor-widget-wrap elementor-element-populated\">\n\t\t\t\t\t\t<section class=\"elementor-section elementor-inner-section elementor-element elementor-element-1d99e02b elementor-reverse-tablet elementor-section-boxed elementor-section-height-default elementor-section-height-default\" data-id=\"1d99e02b\" data-element_type=\"section\">\n\t\t\t\t\t\t<div class=\"elementor-container elementor-column-gap-default\">\n\t\t\t\t\t<div class=\"elementor-column elementor-col-100 elementor-inner-column elementor-element elementor-element-10cde519 elementor-invisible\" data-id=\"10cde519\" data-element_type=\"column\" data-settings=\"{&quot;animation&quot;:&quot;fadeInUp&quot;}\">\n\t\t\t<div class=\"elementor-widget-wrap elementor-element-populated\">\n\t\t\t\t\t\t<div class=\"elementor-element elementor-element-2a8ba484 jkit-equal-height-disable elementor-widget elementor-widget-jkit_icon_box\" data-id=\"2a8ba484\" data-element_type=\"widget\" data-widget_type=\"jkit_icon_box.default\">\n\t\t\t\t<div class=\"elementor-widget-container\">\n\t\t\t<div  class=\"jeg-elementor-kit jkit-icon-box icon-position- elementor-animation- jeg_module__1_69d2c043d5a6c\" ><div class=\"jkit-icon-box-wrapper hover-from-left\"><div class=\"icon-box icon-box-body\">\n                <h5 class=\"title\">Spezialreinigung<\/h5><p class=\"icon-box-description\">Effektive L\u00f6sungen f\u00fcr besonders anspruchsvolle Reinigungsaufgaben.<\/p><div class=\"icon-box-button \">\n                <div class=\"btn-wrapper icon-position-after\">\n                    <a href=\"\" class=\"icon-box-link\" aria-label=\"Mehr\">Mehr<i aria-hidden=\"true\" class=\"jki jki-arrow-up-right-line\"><\/i><\/a>\n                <\/div>\n            <\/div>\n            <\/div>\n            \n            <\/div><\/div>\t\t<\/div>\n\t\t\t\t<\/div>\n\t\t\t\t\t<\/div>\n\t\t<\/div>\n\t\t\t\t\t<\/div>\n\t\t<\/section>\n\t\t\t\t\t<\/div>\n\t\t<\/div>\n\t\t\t\t<div class=\"elementor-column elementor-col-33 elementor-top-column elementor-element elementor-element-1bc8ebef elementor-invisible\" data-id=\"1bc8ebef\" data-element_type=\"column\" data-settings=\"{&quot;animation&quot;:&quot;fadeInUp&quot;}\">\n\t\t\t<div class=\"elementor-widget-wrap elementor-element-populated\">\n\t\t\t\t\t\t<div class=\"elementor-element elementor-element-1e8e9e47 jkit-equal-height-disable elementor-widget elementor-widget-jkit_icon_box\" data-id=\"1e8e9e47\" data-element_type=\"widget\" data-widget_type=\"jkit_icon_box.default\">\n\t\t\t\t<div class=\"elementor-widget-container\">\n\t\t\t<div  class=\"jeg-elementor-kit jkit-icon-box icon-position- elementor-animation- jeg_module__2_69d2c043d6208\" ><div class=\"jkit-icon-box-wrapper hover-from-left\"><div class=\"icon-box icon-box-body\">\n                <h5 class=\"title\">Au\u00dfenpflege und Winterdienste<\/h5><p class=\"icon-box-description\">Gepflegte Au\u00dfenbereiche und sicherer Service \u2013 das ganze Jahr \u00fcber.<\/p><div class=\"icon-box-button \">\n                <div class=\"btn-wrapper icon-position-after\">\n                    <a href=\"#\" class=\"icon-box-link\" aria-label=\"Mehr\">Mehr<i aria-hidden=\"true\" class=\"jki jki-arrow-up-right-line\"><\/i><\/a>\n                <\/div>\n            <\/div>\n            <\/div>\n            \n            <\/div><\/div>\t\t<\/div>\n\t\t\t\t<\/div>\n\t\t\t\t\t<\/div>\n\t\t<\/div>\n\t\t\t\t\t<\/div>\n\t\t<\/section>\n\t\t\t\t<section class=\"elementor-section elementor-top-section elementor-element elementor-element-6c12b97 elementor-section-boxed elementor-section-height-default elementor-section-height-default\" data-id=\"6c12b97\" data-element_type=\"section\" data-settings=\"{&quot;background_background&quot;:&quot;classic&quot;}\">\n\t\t\t\t\t\t<div class=\"elementor-container elementor-column-gap-default\">\n\t\t\t\t\t<div class=\"elementor-column elementor-col-50 elementor-top-column elementor-element elementor-element-754c047 elementor-invisible\" data-id=\"754c047\" data-element_type=\"column\" data-settings=\"{&quot;animation&quot;:&quot;fadeInUp&quot;}\">\n\t\t\t<div class=\"elementor-widget-wrap elementor-element-populated\">\n\t\t\t\t\t\t<div class=\"elementor-element elementor-element-1eb8dc0 elementor-widget elementor-widget-image\" data-id=\"1eb8dc0\" data-element_type=\"widget\" data-widget_type=\"image.default\">\n\t\t\t\t<div class=\"elementor-widget-container\">\n\t\t\t\t\t\t\t\t\t\t\t\t\t<img loading=\"lazy\" decoding=\"async\" width=\"800\" height=\"534\" src=\"https:\/\/kanari-reinigung.de\/wp-content\/uploads\/2024\/11\/real-estate-agent-using-laptop-while-having-a-meet-2022-10-06-01-29-48-utc-1-1024x683.webp\" class=\"attachment-large size-large wp-image-33\" alt=\"\" srcset=\"https:\/\/kanari-reinigung.de\/wp-content\/uploads\/2024\/11\/real-estate-agent-using-laptop-while-having-a-meet-2022-10-06-01-29-48-utc-1-1024x683.webp 1024w, https:\/\/kanari-reinigung.de\/wp-content\/uploads\/2024\/11\/real-estate-agent-using-laptop-while-having-a-meet-2022-10-06-01-29-48-utc-1-300x200.webp 300w, https:\/\/kanari-reinigung.de\/wp-content\/uploads\/2024\/11\/real-estate-agent-using-laptop-while-having-a-meet-2022-10-06-01-29-48-utc-1-768x512.webp 768w, https:\/\/kanari-reinigung.de\/wp-content\/uploads\/2024\/11\/real-estate-agent-using-laptop-while-having-a-meet-2022-10-06-01-29-48-utc-1-1536x1024.webp 1536w, https:\/\/kanari-reinigung.de\/wp-content\/uploads\/2024\/11\/real-estate-agent-using-laptop-while-having-a-meet-2022-10-06-01-29-48-utc-1.webp 1920w\" sizes=\"(max-width: 800px) 100vw, 800px\" \/>\t\t\t\t\t\t\t\t\t\t\t\t\t<\/div>\n\t\t\t\t<\/div>\n\t\t\t\t\t<\/div>\n\t\t<\/div>\n\t\t\t\t<div class=\"elementor-column elementor-col-50 elementor-top-column elementor-element elementor-element-eb67150 elementor-invisible\" data-id=\"eb67150\" data-element_type=\"column\" data-settings=\"{&quot;animation&quot;:&quot;fadeInUp&quot;}\">\n\t\t\t<div class=\"elementor-widget-wrap elementor-element-populated\">\n\t\t\t\t\t\t<div class=\"elementor-element elementor-element-ab4932b elementor-widget-tablet__width-inherit elementor-widget elementor-widget-jkit_heading\" data-id=\"ab4932b\" data-element_type=\"widget\" data-widget_type=\"jkit_heading.default\">\n\t\t\t\t<div class=\"elementor-widget-container\">\n\t\t\t<div  class=\"jeg-elementor-kit jkit-heading  align- align-tablet- align-mobile-center jeg_module__3_69d2c043d8b3f\" ><div class=\"heading-section-title  display-inline-block\"><h2 class=\"heading-title\"><span class=\"style-color\"><span>Kostenlose<\/span><\/span> Beratung<\/h2><\/div><\/div>\t\t<\/div>\n\t\t\t\t<\/div>\n\t\t\t\t<div class=\"elementor-element elementor-element-610a384 elementor-widget elementor-widget-text-editor\" data-id=\"610a384\" data-element_type=\"widget\" data-widget_type=\"text-editor.default\">\n\t\t\t\t<div class=\"elementor-widget-container\">\n\t\t\t\t\t\t\t<p>Haben Sie Fragen zu unseren Reinigungsdienstleistungen oder ben\u00f6tigen Sie eine individuelle L\u00f6sung? Kontaktieren Sie uns f\u00fcr eine kostenlose Beratung! Unser Team steht Ihnen gerne zur Verf\u00fcgung, um Ihnen die besten Optionen zu bieten \u2013 schnell, unverbindlich und ma\u00dfgeschneidert auf Ihre Bed\u00fcrfnisse.<\/p><p>Rufen Sie uns an oder senden Sie eine Nachricht \u2013 wir freuen uns darauf, von Ihnen zu h\u00f6ren!<\/p>\t\t\t\t\t\t<\/div>\n\t\t\t\t<\/div>\n\t\t\t\t<div class=\"elementor-element elementor-element-2d8767c elementor-align-left elementor-mobile-align-center elementor-widget elementor-widget-button\" data-id=\"2d8767c\" data-element_type=\"widget\" data-widget_type=\"button.default\">\n\t\t\t\t<div class=\"elementor-widget-container\">\n\t\t\t\t\t\t\t<div class=\"elementor-button-wrapper\">\n\t\t\t\t\t<a class=\"elementor-button elementor-button-link elementor-size-sm\" href=\"\/kontakt\/\">\n\t\t\t\t\t\t<span class=\"elementor-button-content-wrapper\">\n\t\t\t\t\t\t<span class=\"elementor-button-icon\">\n\t\t\t\t<i aria-hidden=\"true\" class=\"jki jki-arrow-up-right-line\"><\/i>\t\t\t<\/span>\n\t\t\t\t\t\t\t\t\t<span class=\"elementor-button-text\">KONTAKT<\/span>\n\t\t\t\t\t<\/span>\n\t\t\t\t\t<\/a>\n\t\t\t\t<\/div>\n\t\t\t\t\t\t<\/div>\n\t\t\t\t<\/div>\n\t\t\t\t\t<\/div>\n\t\t<\/div>\n\t\t\t\t\t<\/div>\n\t\t<\/section>\n\t\t\t\t<\/div>\n\t\t","protected":false},"excerpt":{"rendered":"<p>Innenreinigung Perfekte Sauberkeit f\u00fcr Ihre Innenr\u00e4ume \u2013 hygienisch und gr\u00fcndlich. Unterhaltsreinigung Regelm\u00e4\u00dfige Reinigung f\u00fcr ein sauberes und hygienisches Umfeld, ideal f\u00fcr B\u00fcros und Gewerbe. Mehr B\u00fcroreinigung Professionelle Reinigung, die eine angenehme Arbeitsatmosph\u00e4re schafft und die Produktivit\u00e4t steigert. Mehr Hotelreinigung Umfassende Reinigung f\u00fcr Hotels, die daf\u00fcr sorgt, dass G\u00e4ste sich wohl und willkommen f\u00fchlen. Mehr Innenreinigung [&hellip;]<\/p>\n","protected":false},"author":1,"featured_media":0,"parent":0,"menu_order":0,"comment_status":"closed","ping_status":"closed","template":"","meta":{"footnotes":""},"class_list":["post-475","page","type-page","status-publish","hentry"],"aioseo_notices":[],"_links":{"self":[{"href":"https:\/\/kanari-reinigung.de\/index.php?rest_route=\/wp\/v2\/pages\/475","targetHints":{"allow":["GET"]}}],"collection":[{"href":"https:\/\/kanari-reinigung.de\/index.php?rest_route=\/wp\/v2\/pages"}],"about":[{"href":"https:\/\/kanari-reinigung.de\/index.php?rest_route=\/wp\/v2\/types\/page"}],"author":[{"embeddable":true,"href":"https:\/\/kanari-reinigung.de\/index.php?rest_route=\/wp\/v2\/users\/1"}],"replies":[{"embeddable":true,"href":"https:\/\/kanari-reinigung.de\/index.php?rest_route=%2Fwp%2Fv2%2Fcomments&post=475"}],"version-history":[{"count":46,"href":"https:\/\/kanari-reinigung.de\/index.php?rest_route=\/wp\/v2\/pages\/475\/revisions"}],"predecessor-version":[{"id":525,"href":"https:\/\/kanari-reinigung.de\/index.php?rest_route=\/wp\/v2\/pages\/475\/revisions\/525"}],"wp:attachment":[{"href":"https:\/\/kanari-reinigung.de\/index.php?rest_route=%2Fwp%2Fv2%2Fmedia&parent=475"}],"curies":[{"name":"wp","href":"https:\/\/api.w.org\/{rel}","templated":true}]}}