{"id":149,"date":"2024-11-30T14:06:00","date_gmt":"2024-11-30T13:06:00","guid":{"rendered":"https:\/\/kanari-reinigung.de\/?page_id=149"},"modified":"2025-12-08T13:43:59","modified_gmt":"2025-12-08T12:43:59","slug":"kontakt","status":"publish","type":"page","link":"https:\/\/kanari-reinigung.de\/?page_id=149","title":{"rendered":"Kontakt"},"content":{"rendered":"\t\t<div data-elementor-type=\"wp-page\" data-elementor-id=\"149\" class=\"elementor elementor-149\">\n\t\t\t\t\t\t<section class=\"elementor-section elementor-top-section elementor-element elementor-element-3451a17a elementor-section-height-min-height elementor-section-content-middle elementor-section-boxed elementor-section-height-default elementor-section-items-middle\" data-id=\"3451a17a\" data-element_type=\"section\" data-settings=\"{&quot;background_background&quot;:&quot;classic&quot;}\">\n\t\t\t\t\t\t\t<div class=\"elementor-background-overlay\"><\/div>\n\t\t\t\t\t\t\t<div class=\"elementor-container elementor-column-gap-default\">\n\t\t\t\t\t<div class=\"elementor-column elementor-col-100 elementor-top-column elementor-element elementor-element-45e4ef1a elementor-invisible\" data-id=\"45e4ef1a\" data-element_type=\"column\" data-settings=\"{&quot;animation&quot;:&quot;fadeInUp&quot;}\">\n\t\t\t<div class=\"elementor-widget-wrap elementor-element-populated\">\n\t\t\t\t\t\t<div class=\"elementor-element elementor-element-73de34f8 elementor-widget elementor-widget-heading\" data-id=\"73de34f8\" data-element_type=\"widget\" data-widget_type=\"heading.default\">\n\t\t\t\t<div class=\"elementor-widget-container\">\n\t\t\t<h3 class=\"elementor-heading-title elementor-size-default\">Kontaktaufname und Hilfe<\/h3>\t\t<\/div>\n\t\t\t\t<\/div>\n\t\t\t\t<div class=\"elementor-element elementor-element-63749cb7 elementor-widget elementor-widget-text-editor\" data-id=\"63749cb7\" data-element_type=\"widget\" data-widget_type=\"text-editor.default\">\n\t\t\t\t<div class=\"elementor-widget-container\">\n\t\t\t\t\t\t\t<p>Wir sind f\u00fcr Sie da \u2013 Lassen Sie uns helfen!<\/p>\t\t\t\t\t\t<\/div>\n\t\t\t\t<\/div>\n\t\t\t\t\t<\/div>\n\t\t<\/div>\n\t\t\t\t\t<\/div>\n\t\t<\/section>\n\t\t\t\t<section class=\"elementor-section elementor-top-section elementor-element elementor-element-1a78569 elementor-section-boxed elementor-section-height-default elementor-section-height-default\" data-id=\"1a78569\" data-element_type=\"section\" data-settings=\"{&quot;background_background&quot;:&quot;classic&quot;}\">\n\t\t\t\t\t\t<div class=\"elementor-container elementor-column-gap-default\">\n\t\t\t\t\t<div class=\"elementor-column elementor-col-50 elementor-top-column elementor-element elementor-element-47d82c5 elementor-invisible\" data-id=\"47d82c5\" data-element_type=\"column\" data-settings=\"{&quot;animation&quot;:&quot;fadeInUp&quot;}\">\n\t\t\t<div class=\"elementor-widget-wrap elementor-element-populated\">\n\t\t\t\t\t\t<div class=\"elementor-element elementor-element-ba44abc elementor-widget elementor-widget-image\" data-id=\"ba44abc\" data-element_type=\"widget\" data-widget_type=\"image.default\">\n\t\t\t\t<div class=\"elementor-widget-container\">\n\t\t\t\t\t\t\t\t\t\t\t\t\t<img fetchpriority=\"high\" decoding=\"async\" width=\"800\" height=\"534\" src=\"https:\/\/kanari-reinigung.de\/wp-content\/uploads\/2024\/11\/real-estate-agent-using-laptop-while-having-a-meet-2022-10-06-01-29-48-utc-1-1024x683.webp\" class=\"attachment-large size-large wp-image-33\" alt=\"\" srcset=\"https:\/\/kanari-reinigung.de\/wp-content\/uploads\/2024\/11\/real-estate-agent-using-laptop-while-having-a-meet-2022-10-06-01-29-48-utc-1-1024x683.webp 1024w, https:\/\/kanari-reinigung.de\/wp-content\/uploads\/2024\/11\/real-estate-agent-using-laptop-while-having-a-meet-2022-10-06-01-29-48-utc-1-300x200.webp 300w, https:\/\/kanari-reinigung.de\/wp-content\/uploads\/2024\/11\/real-estate-agent-using-laptop-while-having-a-meet-2022-10-06-01-29-48-utc-1-768x512.webp 768w, https:\/\/kanari-reinigung.de\/wp-content\/uploads\/2024\/11\/real-estate-agent-using-laptop-while-having-a-meet-2022-10-06-01-29-48-utc-1-1536x1024.webp 1536w, https:\/\/kanari-reinigung.de\/wp-content\/uploads\/2024\/11\/real-estate-agent-using-laptop-while-having-a-meet-2022-10-06-01-29-48-utc-1.webp 1920w\" sizes=\"(max-width: 800px) 100vw, 800px\" \/>\t\t\t\t\t\t\t\t\t\t\t\t\t<\/div>\n\t\t\t\t<\/div>\n\t\t\t\t\t<\/div>\n\t\t<\/div>\n\t\t\t\t<div class=\"elementor-column elementor-col-50 elementor-top-column elementor-element elementor-element-e6f7723 elementor-invisible\" data-id=\"e6f7723\" data-element_type=\"column\" data-settings=\"{&quot;animation&quot;:&quot;fadeInUp&quot;}\">\n\t\t\t<div class=\"elementor-widget-wrap elementor-element-populated\">\n\t\t\t\t\t\t<div class=\"elementor-element elementor-element-dccd0b0 elementor-widget-tablet__width-inherit elementor-widget elementor-widget-jkit_heading\" data-id=\"dccd0b0\" data-element_type=\"widget\" data-widget_type=\"jkit_heading.default\">\n\t\t\t\t<div class=\"elementor-widget-container\">\n\t\t\t<div  class=\"jeg-elementor-kit jkit-heading  align- align-tablet- align-mobile-center jeg_module___69d2c03691f2a\" ><div class=\"heading-section-title  display-inline-block\"><h2 class=\"heading-title\"><span class=\"style-color\"><span>Kostenlose<\/span><\/span> Beratung<\/h2><\/div><\/div>\t\t<\/div>\n\t\t\t\t<\/div>\n\t\t\t\t<div class=\"elementor-element elementor-element-e871b5a elementor-widget elementor-widget-text-editor\" data-id=\"e871b5a\" data-element_type=\"widget\" data-widget_type=\"text-editor.default\">\n\t\t\t\t<div class=\"elementor-widget-container\">\n\t\t\t\t\t\t\t<p>Haben Sie Fragen zu unseren Reinigungsdienstleistungen oder ben\u00f6tigen Sie eine individuelle L\u00f6sung? Kontaktieren Sie uns f\u00fcr eine kostenlose Beratung! Unser Team steht Ihnen gerne zur Verf\u00fcgung, um Ihnen die besten Optionen zu bieten \u2013 schnell, unverbindlich und ma\u00dfgeschneidert auf Ihre Bed\u00fcrfnisse.<\/p><p>Rufen Sie uns an oder senden Sie eine Nachricht \u2013 wir freuen uns darauf, von Ihnen zu h\u00f6ren!<\/p>\t\t\t\t\t\t<\/div>\n\t\t\t\t<\/div>\n\t\t\t\t\t<\/div>\n\t\t<\/div>\n\t\t\t\t\t<\/div>\n\t\t<\/section>\n\t\t<div class=\"elementor-element elementor-element-034ca9f e-flex e-con-boxed e-con e-parent\" data-id=\"034ca9f\" data-element_type=\"container\">\n\t\t\t\t\t<div class=\"e-con-inner\">\n\t\t<div class=\"elementor-element elementor-element-1af2c8c e-con-full e-flex e-con e-child\" data-id=\"1af2c8c\" data-element_type=\"container\">\n\t\t\t\t<div class=\"elementor-element elementor-element-fbe7909 elementor-widget__width-initial elementor-widget elementor-widget-google_maps\" data-id=\"fbe7909\" data-element_type=\"widget\" data-widget_type=\"google_maps.default\">\n\t\t\t\t<div class=\"elementor-widget-container\">\n\t\t\t\t\t<div class=\"elementor-custom-embed\">\n\t\t\t<iframe loading=\"lazy\"\n\t\t\t\t\tsrc=\"https:\/\/maps.google.com\/maps?q=Europaplatz%202%2F1%2F2a%201150%20Wien&#038;t=m&#038;z=15&#038;output=embed&#038;iwloc=near\"\n\t\t\t\t\ttitle=\"Europaplatz 2\/1\/2a 1150 Wien\"\n\t\t\t\t\taria-label=\"Europaplatz 2\/1\/2a 1150 Wien\"\n\t\t\t><\/iframe>\n\t\t<\/div>\n\t\t\t\t<\/div>\n\t\t\t\t<\/div>\n\t\t<div class=\"elementor-element elementor-element-8765402 e-con-full e-grid e-con e-child\" data-id=\"8765402\" data-element_type=\"container\">\n\t\t\t\t<div class=\"elementor-element elementor-element-879f67f elementor-view-framed elementor-position-left elementor-vertical-align-bottom elementor-tablet-position-top elementor-shape-circle elementor-mobile-position-top elementor-widget elementor-widget-icon-box\" data-id=\"879f67f\" data-element_type=\"widget\" data-widget_type=\"icon-box.default\">\n\t\t\t\t<div class=\"elementor-widget-container\">\n\t\t\t\t\t<div class=\"elementor-icon-box-wrapper\">\n\n\t\t\t\t\t\t<div class=\"elementor-icon-box-icon\">\n\t\t\t\t<span  class=\"elementor-icon elementor-animation-\">\n\t\t\t\t<svg aria-hidden=\"true\" class=\"e-font-icon-svg e-fas-phone-alt\" viewBox=\"0 0 512 512\" xmlns=\"http:\/\/www.w3.org\/2000\/svg\"><path d=\"M497.39 361.8l-112-48a24 24 0 0 0-28 6.9l-49.6 60.6A370.66 370.66 0 0 1 130.6 204.11l60.6-49.6a23.94 23.94 0 0 0 6.9-28l-48-112A24.16 24.16 0 0 0 122.6.61l-104 24A24 24 0 0 0 0 48c0 256.5 207.9 464 464 464a24 24 0 0 0 23.4-18.6l24-104a24.29 24.29 0 0 0-14.01-27.6z\"><\/path><\/svg>\t\t\t\t<\/span>\n\t\t\t<\/div>\n\t\t\t\n\t\t\t\t\t\t<div class=\"elementor-icon-box-content\">\n\n\t\t\t\t\t\t\t\t\t<h3 class=\"elementor-icon-box-title\">\n\t\t\t\t\t\t<span  >\n\t\t\t\t\t\t\tRufen Sie uns an\t\t\t\t\t\t<\/span>\n\t\t\t\t\t<\/h3>\n\t\t\t\t\n\t\t\t\t\t\t\t\t\t<p class=\"elementor-icon-box-description\">\n\t\t\t\t\t\t+49 157 56313278\t\t\t\t\t<\/p>\n\t\t\t\t\n\t\t\t<\/div>\n\t\t\t\n\t\t<\/div>\n\t\t\t\t<\/div>\n\t\t\t\t<\/div>\n\t\t\t\t<div class=\"elementor-element elementor-element-9a8a520 elementor-view-framed elementor-position-left elementor-vertical-align-bottom elementor-tablet-position-top elementor-shape-circle elementor-mobile-position-top elementor-widget elementor-widget-icon-box\" data-id=\"9a8a520\" data-element_type=\"widget\" data-widget_type=\"icon-box.default\">\n\t\t\t\t<div class=\"elementor-widget-container\">\n\t\t\t\t\t<div class=\"elementor-icon-box-wrapper\">\n\n\t\t\t\t\t\t<div class=\"elementor-icon-box-icon\">\n\t\t\t\t<span  class=\"elementor-icon elementor-animation-\">\n\t\t\t\t<svg aria-hidden=\"true\" class=\"e-font-icon-svg e-fas-map-marker-alt\" viewBox=\"0 0 384 512\" xmlns=\"http:\/\/www.w3.org\/2000\/svg\"><path d=\"M172.268 501.67C26.97 291.031 0 269.413 0 192 0 85.961 85.961 0 192 0s192 85.961 192 192c0 77.413-26.97 99.031-172.268 309.67-9.535 13.774-29.93 13.773-39.464 0zM192 272c44.183 0 80-35.817 80-80s-35.817-80-80-80-80 35.817-80 80 35.817 80 80 80z\"><\/path><\/svg>\t\t\t\t<\/span>\n\t\t\t<\/div>\n\t\t\t\n\t\t\t\t\t\t<div class=\"elementor-icon-box-content\">\n\n\t\t\t\t\t\t\t\t\t<h3 class=\"elementor-icon-box-title\">\n\t\t\t\t\t\t<span  >\n\t\t\t\t\t\t\tFinden Sie uns.\t\t\t\t\t\t<\/span>\n\t\t\t\t\t<\/h3>\n\t\t\t\t\n\t\t\t\t\t\t\t\t\t<p class=\"elementor-icon-box-description\">\n\t\t\t\t\t\tEuropaplatz 2\/1\/2a\n1150 Wien\t\t\t\t\t<\/p>\n\t\t\t\t\n\t\t\t<\/div>\n\t\t\t\n\t\t<\/div>\n\t\t\t\t<\/div>\n\t\t\t\t<\/div>\n\t\t\t\t<div class=\"elementor-element elementor-element-1c59b9d elementor-view-framed elementor-position-left elementor-vertical-align-bottom elementor-tablet-position-top elementor-shape-circle elementor-mobile-position-top elementor-widget elementor-widget-icon-box\" data-id=\"1c59b9d\" data-element_type=\"widget\" data-widget_type=\"icon-box.default\">\n\t\t\t\t<div class=\"elementor-widget-container\">\n\t\t\t\t\t<div class=\"elementor-icon-box-wrapper\">\n\n\t\t\t\t\t\t<div class=\"elementor-icon-box-icon\">\n\t\t\t\t<span  class=\"elementor-icon elementor-animation-\">\n\t\t\t\t<svg aria-hidden=\"true\" class=\"e-font-icon-svg e-fas-envelope\" viewBox=\"0 0 512 512\" xmlns=\"http:\/\/www.w3.org\/2000\/svg\"><path d=\"M502.3 190.8c3.9-3.1 9.7-.2 9.7 4.7V400c0 26.5-21.5 48-48 48H48c-26.5 0-48-21.5-48-48V195.6c0-5 5.7-7.8 9.7-4.7 22.4 17.4 52.1 39.5 154.1 113.6 21.1 15.4 56.7 47.8 92.2 47.6 35.7.3 72-32.8 92.3-47.6 102-74.1 131.6-96.3 154-113.7zM256 320c23.2.4 56.6-29.2 73.4-41.4 132.7-96.3 142.8-104.7 173.4-128.7 5.8-4.5 9.2-11.5 9.2-18.9v-19c0-26.5-21.5-48-48-48H48C21.5 64 0 85.5 0 112v19c0 7.4 3.4 14.3 9.2 18.9 30.6 23.9 40.7 32.4 173.4 128.7 16.8 12.2 50.2 41.8 73.4 41.4z\"><\/path><\/svg>\t\t\t\t<\/span>\n\t\t\t<\/div>\n\t\t\t\n\t\t\t\t\t\t<div class=\"elementor-icon-box-content\">\n\n\t\t\t\t\t\t\t\t\t<h3 class=\"elementor-icon-box-title\">\n\t\t\t\t\t\t<span  >\n\t\t\t\t\t\t\tSchreiben Sie eine E-Mail\t\t\t\t\t\t<\/span>\n\t\t\t\t\t<\/h3>\n\t\t\t\t\n\t\t\t\t\t\t\t\t\t<p class=\"elementor-icon-box-description\">\n\t\t\t\t\t\t\nnikola@kanari-reinigung.de\t\t\t\t\t<\/p>\n\t\t\t\t\n\t\t\t<\/div>\n\t\t\t\n\t\t<\/div>\n\t\t\t\t<\/div>\n\t\t\t\t<\/div>\n\t\t\t\t<\/div>\n\t\t\t\t<\/div>\n\t\t<div class=\"elementor-element elementor-element-6ee7c0e e-con-full e-flex e-con e-child\" data-id=\"6ee7c0e\" data-element_type=\"container\">\n\t\t\t\t<div class=\"elementor-element elementor-element-9f69466 elementor-widget elementor-widget-shortcode\" data-id=\"9f69466\" data-element_type=\"widget\" data-widget_type=\"shortcode.default\">\n\t\t\t\t<div class=\"elementor-widget-container\">\n\t\t\t\t\t<div class=\"elementor-shortcode\"><div class=\"wpforms-container wpforms-container-full contact-form-kanari wpforms-render-modern\" id=\"wpforms-174\"><form id=\"wpforms-form-174\" class=\"wpforms-validate wpforms-form wpforms-ajax-form\" data-formid=\"174\" method=\"post\" enctype=\"multipart\/form-data\" action=\"\/index.php?rest_route=%2Fwp%2Fv2%2Fpages%2F149\" data-token=\"968fbbee9148d3e31cf49f818cd719dd\" data-token-time=\"1775419446\"><noscript class=\"wpforms-error-noscript\">Please enable JavaScript in your browser to complete this form.<\/noscript><div class=\"wpforms-hidden\" id=\"wpforms-error-noscript\">Please enable JavaScript in your browser to complete this form.<\/div><div class=\"wpforms-field-container\"><div id=\"wpforms-174-field_1-container\" class=\"wpforms-field wpforms-field-name kanari-name\" data-field-id=\"1\"><fieldset><legend class=\"wpforms-field-label wpforms-label-hide\" aria-hidden=\"false\">Vor- und Nachname <span class=\"wpforms-required-label\" aria-hidden=\"true\">*<\/span><\/legend><div class=\"wpforms-field-row wpforms-field-large\"><div class=\"wpforms-field-row-block wpforms-first wpforms-one-half\"><input type=\"text\" id=\"wpforms-174-field_1\" class=\"wpforms-field-name-first wpforms-field-required\" name=\"wpforms[fields][1][first]\" placeholder=\"Vorname\" aria-errormessage=\"wpforms-174-field_1-error\" required><label for=\"wpforms-174-field_1\" class=\"wpforms-field-sublabel after wpforms-sublabel-hide\">First<\/label><\/div><div class=\"wpforms-field-row-block wpforms-one-half\"><input type=\"text\" id=\"wpforms-174-field_1-last\" class=\"wpforms-field-name-last wpforms-field-required\" name=\"wpforms[fields][1][last]\" placeholder=\"Nachname\" aria-errormessage=\"wpforms-174-field_1-last-error\" required><label for=\"wpforms-174-field_1-last\" class=\"wpforms-field-sublabel after wpforms-sublabel-hide\">Last<\/label><\/div><\/div><\/fieldset><\/div><div id=\"wpforms-174-field_2-container\" class=\"wpforms-field wpforms-field-email\" data-field-id=\"2\"><label class=\"wpforms-field-label wpforms-label-hide\" for=\"wpforms-174-field_2\" aria-hidden=\"false\">E-Mail-Adresse <span class=\"wpforms-required-label\" aria-hidden=\"true\">*<\/span><\/label><input type=\"email\" id=\"wpforms-174-field_2\" class=\"wpforms-field-large wpforms-field-required\" name=\"wpforms[fields][2]\" placeholder=\"E-Mail-Adresse\" spellcheck=\"false\" aria-errormessage=\"wpforms-174-field_2-error\" required><\/div><div id=\"wpforms-174-field_7-container\" class=\"wpforms-field wpforms-field-text\" data-field-id=\"7\"><label class=\"wpforms-field-label wpforms-label-hide\" for=\"wpforms-174-field_7\" aria-hidden=\"false\">Telefonnumer<\/label><input type=\"text\" id=\"wpforms-174-field_7\" class=\"wpforms-field-large\" name=\"wpforms[fields][7]\" placeholder=\"Telefonnumer\" aria-errormessage=\"wpforms-174-field_7-error\" ><\/div><div id=\"wpforms-174-field_3-container\" class=\"wpforms-field wpforms-field-textarea\" data-field-id=\"3\"><label class=\"wpforms-field-label wpforms-label-hide\" for=\"wpforms-174-field_3\" aria-hidden=\"false\">Nachricht<\/label><textarea id=\"wpforms-174-field_3\" class=\"wpforms-field-medium\" name=\"wpforms[fields][3]\" aria-errormessage=\"wpforms-174-field_3-error\" ><\/textarea><\/div><\/div><!-- .wpforms-field-container --><div class=\"wpforms-submit-container\" ><input type=\"hidden\" name=\"wpforms[id]\" value=\"174\"><input type=\"hidden\" name=\"page_title\" value=\"\"><input type=\"hidden\" name=\"page_url\" value=\"https:\/\/kanari-reinigung.de\/index.php?rest_route=%2Fwp%2Fv2%2Fpages%2F149\"><button type=\"submit\" name=\"wpforms[submit]\" id=\"wpforms-submit-174\" class=\"wpforms-submit contact-formkanari-submit\" data-alt-text=\"Nachricht wird gesendet...\" data-submit-text=\"Senden\" aria-live=\"assertive\" value=\"wpforms-submit\">Senden<\/button><img decoding=\"async\" src=\"https:\/\/kanari-reinigung.de\/wp-content\/plugins\/wpforms-lite\/assets\/images\/submit-spin.svg\" class=\"wpforms-submit-spinner\" style=\"display: none;\" width=\"26\" height=\"26\" alt=\"Loading\"><\/div><\/form><\/div>  <!-- .wpforms-container --><\/div>\n\t\t\t\t<\/div>\n\t\t\t\t<\/div>\n\t\t\t\t<\/div>\n\t\t\t\t\t<\/div>\n\t\t\t\t<\/div>\n\t\t<div class=\"elementor-element elementor-element-c1ff211 e-flex e-con-boxed e-con e-parent\" data-id=\"c1ff211\" data-element_type=\"container\">\n\t\t\t\t\t<div class=\"e-con-inner\">\n\t\t\t\t<div class=\"elementor-element elementor-element-aea39cc elementor-widget elementor-widget-html\" data-id=\"aea39cc\" data-element_type=\"widget\" data-widget_type=\"html.default\">\n\t\t\t\t<div class=\"elementor-widget-container\">\n\t\t\t<style>\r\n    \/* Og\u00f3lne ustawienia formularza *\/\r\n#wpforms-174 {\r\n    font-family: 'Helvetica Neue', Arial, sans-serif;\r\n    color: #2F2F2F;\r\n    padding: 40px;\r\n    max-width: 500px;\r\n    margin: auto;\r\n}\r\n\r\n\/* Pola tekstowe *\/\r\n#wpforms-174-field_1,\r\n#wpforms-174-field_1-last,\r\n#wpforms-174-field_2,\r\n#wpforms-174-field_7,\r\n#wpforms-174-field_3 {\r\n    width: 100%;\r\n    padding: 14px;\r\n    margin-bottom: 20px;\r\n    border: none;\r\n    border-bottom: 2px solid #E3DACF;\r\n    background-color: transparent;\r\n    color: #2F2F2F;\r\n    font-size: 16px;\r\n    font-weight: 400;\r\n    outline: none;\r\n    transition: border-color 0.3s ease, background-color 0.3s ease;\r\n}\r\n\r\n#wpforms-174-field_3 {\r\n    height: 100px;\r\n    resize: none;\r\n}\r\n\r\n#wpforms-174-field_1:focus,\r\n#wpforms-174-field_1-last:focus,\r\n#wpforms-174-field_2:focus,\r\n#wpforms-174-field_7:focus,\r\n#wpforms-174-field_3:focus {\r\n    background-color: #FAF8F6;\r\n    border-bottom: 2px solid #3F5828; \/* Kolor obramowania przy focus *\/\r\n    outline: none; \/* Usuwa granatowy obrys *\/\r\n    box-shadow: none; \/* Zapobiega innym efektom *\/\r\n}\r\n\r\n\/* Placeholder styling *\/\r\n#wpforms-174 input::placeholder,\r\n#wpforms-174 textarea::placeholder {\r\n    color: #B0B0B0;\r\n    opacity: 1;\r\n    font-size: 14px;\r\n}\r\n\r\n\/* Przycisk wysy\u0142ania *\/\r\n#wpforms-submit-174 {\r\n    display: block;\r\n    width: 100%;\r\n    background-color: #3F5828;\r\n    color: #FFF;\r\n    font-size: 16px;\r\n    font-weight: bold;\r\n    padding: 14px 0;\r\n    border: none;\r\n    border-radius: 50px;\r\n    cursor: pointer;\r\n    text-align: center;\r\n    transition: background-color 0.3s ease, box-shadow 0.3s ease, transform 0.2s ease;\r\n}\r\n\r\n#wpforms-submit-174:hover {\r\n    background-color: #6F8459;\r\n    box-shadow: 0 4px 12px rgba(63, 88, 40, 0.3);\r\n    transform: translateY(-2px);\r\n}\r\n\r\n#wpforms-submit-174:active {\r\n    background-color: #2F4620;\r\n    box-shadow: 0 2px 8px rgba(63, 88, 40, 0.2);\r\n}\r\n\r\n\/* Etykiety *\/\r\n#wpforms-174 .wpforms-field-label {\r\n    font-size: 14px;\r\n    color: #6F8459;\r\n    margin-bottom: 6px;\r\n    display: block;\r\n    font-weight: 600;\r\n}\r\n\r\n\/* Drobne detale *\/\r\n#wpforms-174 input:not(:placeholder-shown),\r\n#wpforms-174 textarea:not(:placeholder-shown) {\r\n    border-color: #3F5828;\r\n}\r\n\r\n\/* Responsywno\u015b\u0107 *\/\r\n@media (max-width: 768px) {\r\n    #wpforms-174 {\r\n        padding: 20px;\r\n    }\r\n\r\n    #wpforms-174-field_1,\r\n    #wpforms-174-field-last,\r\n    #wp-174-field_2,\r\n    #wpforms-174-field_7,\r\n    #wpforms-174-field_3 {\r\n        font-size: 14px;\r\n    }\r\n\r\n    #wpforms-submit-174 {\r\n        font-size: 14px;\r\n        padding: 12px 0;\r\n    }\r\n}\r\n<\/style>\r\n\t\t<\/div>\n\t\t\t\t<\/div>\n\t\t\t\t\t<\/div>\n\t\t\t\t<\/div>\n\t\t<div class=\"elementor-element elementor-element-a3f6177 e-flex e-con-boxed e-con e-parent\" data-id=\"a3f6177\" data-element_type=\"container\">\n\t\t\t\t\t<div class=\"e-con-inner\">\n\t\t\t\t\t<\/div>\n\t\t\t\t<\/div>\n\t\t\t\t<\/div>\n\t\t","protected":false},"excerpt":{"rendered":"<p>Kontaktaufname und Hilfe Wir sind f\u00fcr Sie da \u2013 Lassen Sie uns helfen! Kostenlose Beratung Haben Sie Fragen zu unseren Reinigungsdienstleistungen oder ben\u00f6tigen Sie eine individuelle L\u00f6sung? Kontaktieren Sie uns f\u00fcr eine kostenlose Beratung! Unser Team steht Ihnen gerne zur Verf\u00fcgung, um Ihnen die besten Optionen zu bieten \u2013 schnell, unverbindlich und ma\u00dfgeschneidert auf Ihre [&hellip;]<\/p>\n","protected":false},"author":1,"featured_media":0,"parent":0,"menu_order":0,"comment_status":"closed","ping_status":"closed","template":"","meta":{"footnotes":""},"class_list":["post-149","page","type-page","status-publish","hentry"],"aioseo_notices":[],"_links":{"self":[{"href":"https:\/\/kanari-reinigung.de\/index.php?rest_route=\/wp\/v2\/pages\/149","targetHints":{"allow":["GET"]}}],"collection":[{"href":"https:\/\/kanari-reinigung.de\/index.php?rest_route=\/wp\/v2\/pages"}],"about":[{"href":"https:\/\/kanari-reinigung.de\/index.php?rest_route=\/wp\/v2\/types\/page"}],"author":[{"embeddable":true,"href":"https:\/\/kanari-reinigung.de\/index.php?rest_route=\/wp\/v2\/users\/1"}],"replies":[{"embeddable":true,"href":"https:\/\/kanari-reinigung.de\/index.php?rest_route=%2Fwp%2Fv2%2Fcomments&post=149"}],"version-history":[{"count":70,"href":"https:\/\/kanari-reinigung.de\/index.php?rest_route=\/wp\/v2\/pages\/149\/revisions"}],"predecessor-version":[{"id":764,"href":"https:\/\/kanari-reinigung.de\/index.php?rest_route=\/wp\/v2\/pages\/149\/revisions\/764"}],"wp:attachment":[{"href":"https:\/\/kanari-reinigung.de\/index.php?rest_route=%2Fwp%2Fv2%2Fmedia&parent=149"}],"curies":[{"name":"wp","href":"https:\/\/api.w.org\/{rel}","templated":true}]}}